{"id":3300,"date":"2017-06-30T09:54:09","date_gmt":"2017-06-30T07:54:09","guid":{"rendered":"https:\/\/www.casalidellacisterna.it\/scopri-la-suite-piu-adatta-alle-tue-esigenze\/"},"modified":"2021-11-01T18:23:04","modified_gmt":"2021-11-01T17:23:04","slug":"suites","status":"publish","type":"page","link":"https:\/\/www.casalidellacisterna.it\/fr\/suites\/","title":{"rendered":"Suites"},"content":{"rendered":"<div class=\"wpb-content-wrapper\"><p>[vc_row full_width=\u00a0\u00bbstretch_row\u00a0\u00bb css=\u00a0\u00bb.vc_custom_1635776935519{border-top-width: 30px !important;border-bottom-width: 20px !important;padding-bottom: 10px !important;background-color: #000000 !important;}\u00a0\u00bb][vc_column css=\u00a0\u00bb.vc_custom_1635776885540{padding-right: 0px !important;padding-left: 0px !important;}\u00a0\u00bb offset=\u00a0\u00bbvc_col-md-offset-0 vc_col-sm-offset-0&Prime;] <h1 style=\"color:#ffffff;padding:50pxpx;text-align:center;font-size:45px;line-height:px;letter-spacing: px;font-weight:normal\" class=\"   nd_options_first_font \">Chambres doubles<\/h1> <div style=\"background-color:;height: 20px\" class=\"nicdark_section  \"><\/div>\n    <div style=\"text-align:center\" class=\"nd_options_section\">\n      <img decoding=\"async\" alt=\"\" style=\"width:100%\" class=\" nd_options_margin_0 nd_options_padding_0 \" src=\"https:\/\/www.casalidellacisterna.it\/wp-content\/uploads\/2019\/05\/double-deluxe-hotel-lake-maggiore-1024x710.jpg\">\n    <\/div>\n   <div style=\"background-color:;height: 20px\" class=\"nicdark_section  \"><\/div>[vc_column_text]<\/p>\n<p style=\"text-align: center;\"><span style=\"color: #ffffff;\">Occupation maximale\u00a0:<\/span><\/p>\n<p><span style=\"color: #ffffff;\"><img loading=\"lazy\" decoding=\"async\" class=\"aligncenter wp-image-2032\" src=\"https:\/\/www.casalidellacisterna.it\/wp-content\/uploads\/2019\/05\/doppia-1.png\" alt=\"\" width=\"47\" height=\"40\" \/><\/span>[\/vc_column_text]\n    <div class=\"nd_options_section nd_options_line_height_0  nd_options_text_align_center \">\n        <span style=\"height:1px;width:30px;background-color:#878787\" class=\"nd_options_display_inline_block\"><\/span>\n    <\/div>\n   <div style=\"background-color:;height: 20px\" class=\"nicdark_section  \"><\/div>[vc_column_text]<span style=\"color: #ffffff;\">Dans la Maison des jardiniers, il y a 2 chambres doubles de luxe avec vue totale sur le lac et une chambre double basique avec vue partielle sur le lac.<\/span><\/p>\n<p><span style=\"color: #ffffff;\">Ces chambres, plus grandes que la moyenne, sont finement meubl\u00e9es et \u00e9quip\u00e9es d&rsquo;un lit double (ou deux simples) mesurant 2m x 2m et sont \u00e9quip\u00e9es de tout le confort pour vous assurer un agr\u00e9able s\u00e9jour au bord du lac. Les salles de bains sont en marbre avec double vasque et finitions soign\u00e9es. Machine \u00e0 expresso et bouilloire.<\/span><\/p>\n<p><span style=\"color: #ffffff;\">Ces chambres peuvent accueillir jusqu&rsquo;\u00e0 deux adultes.<\/span><\/p>\n<p><span style=\"color: #ffffff;\">Il est interdit de fumer \u00e0 l&rsquo;int\u00e9rieur de la chambre et les animaux ne sont pas admis.<\/span>[\/vc_column_text]<div style=\"background-color:;height: 20px\" class=\"nicdark_section  \"><\/div>\n\t<div class=\"nd_options_section nd_options_text_align_center\">\n\t<a style=\"border: px solid;border-radius:px;letter-spacing:1px;line-height:20px;font-size:20px;background-color:#ffffff;padding:10px 20px;margin:5px;color:#000000\" rel=\"\" href=\"https:\/\/www.casalidellacisterna.it\/fr\/Suites\/double-deluxe-vue-lac\/\" class=\"nicdark_display_inline_block  nd_options_font_weight_normal nd_options_first_font  \">Visitez la page des chambres doubles Deluxe<\/a>\n\t<\/div>\n<div style=\"background-color:;height: 10px\" class=\"nicdark_section  \"><\/div>\n    <div class=\"nd_options_section nd_options_line_height_0  nd_options_text_align_center \">\n        <span style=\"height:1px;width:30px;background-color:#878787\" class=\"nd_options_display_inline_block\"><\/span>\n    <\/div>\n   <div style=\"background-color:;height: 10px\" class=\"nicdark_section  \"><\/div>\n\t<div class=\"nd_options_section nd_options_text_align_center\">\n\t<a style=\"border: px solid;border-radius:px;letter-spacing:1px;line-height:20px;font-size:20px;background-color:#ffffff;padding:10px 20px;margin:5px;color:#000000\" rel=\"\" href=\"https:\/\/www.casalidellacisterna.it\/fr\/Suites\/double-basic\/\" class=\"nicdark_display_inline_block  nd_options_font_weight_normal nd_options_first_font  \">Visitez la page Chambre double Basique<\/a>\n\t<\/div>\n[\/vc_column][\/vc_row][vc_row full_width=\u00a0\u00bbstretch_row\u00a0\u00bb css=\u00a0\u00bb.vc_custom_1635777196520{border-top-width: 20px !important;border-bottom-width: 20px !important;padding-top: 10px !important;padding-bottom: 10px !important;background-color: #ffffff !important;}\u00a0\u00bb][vc_column css=\u00a0\u00bb.vc_custom_1498828130195{padding-right: 0px !important;padding-left: 0px !important;}\u00a0\u00bb] <h1 style=\"color:#000000;padding:50pxpx;text-align:center;font-size:45px;line-height:px;letter-spacing: px;font-weight:normal\" class=\"   nd_options_first_font \">Junior Suites<\/h1> <div style=\"background-color:;height: 20px\" class=\"nicdark_section  \"><\/div>\n    <div style=\"text-align:center\" class=\"nd_options_section\">\n      <img decoding=\"async\" alt=\"\" style=\"width:100%\" class=\" nd_options_margin_0 nd_options_padding_0 \" src=\"https:\/\/www.casalidellacisterna.it\/wp-content\/uploads\/2019\/05\/junior-suite-canfora-hotel-belgirate-1-1024x710.jpg\">\n    <\/div>\n   <div style=\"background-color:;height: 20px\" class=\"nicdark_section  \"><\/div>[vc_column_text]<\/p>\n<p style=\"text-align: center;\">Occupation maximale\u00a0:<\/p>\n<p><img loading=\"lazy\" decoding=\"async\" class=\"aligncenter wp-image-2037\" src=\"https:\/\/www.casalidellacisterna.it\/wp-content\/uploads\/2019\/05\/max-occupation-300x88.png\" alt=\"\" width=\"135\" height=\"40\" \/>[\/vc_column_text]\n    <div class=\"nd_options_section nd_options_line_height_0  nd_options_text_align_center \">\n        <span style=\"height:1px;width:30px;background-color:#878787\" class=\"nd_options_display_inline_block\"><\/span>\n    <\/div>\n   <div style=\"background-color:;height: 20px\" class=\"nicdark_section  \"><\/div>[vc_column_text]Dans la Maison des jardiniers, il y a 3 suites junior avec vue sur le lac et dans la Maison des marins, il y a une suite junior deluxe avec balcon lat\u00e9ral et vue totale sur le lac.<\/p>\n<p>&nbsp;<\/p>\n<p>Toutes les suites sont finement meubl\u00e9es et \u00e9quip\u00e9es d&rsquo;un coin s\u00e9jour et offrent tout le confort pour un s\u00e9jour inoubliable en couple. Salles de bains en marbre avec double vasque. Machine \u00e0 expresso et bouilloire.<\/p>\n<p>&nbsp;<\/p>\n<p>Les suites permettent le s\u00e9jour de deux adultes + un b\u00e9b\u00e9 jusqu&rsquo;\u00e0 2 ans.<\/p>\n<p>Il est interdit de fumer \u00e0 l&rsquo;int\u00e9rieur de la chambre et les animaux ne sont pas admis.[\/vc_column_text]<div style=\"background-color:;height: 20px\" class=\"nicdark_section  \"><\/div>\n\t<div class=\"nd_options_section nd_options_text_align_center\">\n\t<a style=\"border: px solid;border-radius:px;letter-spacing:1px;line-height:20px;font-size:20px;background-color:#000000;padding:10px 20px;margin:5px;color:#ffffff\" rel=\"\" href=\"https:\/\/www.casalidellacisterna.it\/fr\/branches\/junior-suite\/\" class=\"nicdark_display_inline_block  nd_options_font_weight_normal nd_options_first_font  \">Visitez la page Junior Suites<\/a>\n\t<\/div>\n[\/vc_column][\/vc_row][vc_row full_width=\u00a0\u00bbstretch_row\u00a0\u00bb css=\u00a0\u00bb.vc_custom_1635777203159{border-top-width: 30px !important;border-bottom-width: 20px !important;padding-bottom: 10px !important;background-color: #000000 !important;}\u00a0\u00bb][vc_column css=\u00a0\u00bb.vc_custom_1635761469067{padding-right: 0px !important;padding-left: 0px !important;}\u00a0\u00bb] <h1 style=\"color:#ffffff;padding:50pxpx;text-align:center;font-size:45px;line-height:px;letter-spacing: px;font-weight:normal\" class=\"   nd_options_first_font \">Superior Suites<\/h1> <div style=\"background-color:;height: 20px\" class=\"nicdark_section  \"><\/div>\n    <div style=\"text-align:center\" class=\"nd_options_section\">\n      <img decoding=\"async\" alt=\"\" style=\"width:100%\" class=\" nd_options_margin_0 nd_options_padding_0 \" src=\"https:\/\/www.casalidellacisterna.it\/wp-content\/uploads\/2019\/05\/terrace-lac-majeur-hotel-1024x710.jpg\">\n    <\/div>\n   <div style=\"background-color:;height: 20px\" class=\"nicdark_section  \"><\/div>[vc_column_text]<\/p>\n<p style=\"text-align: center;\"><span style=\"color: #ffffff;\">Occupation maximale\u00a0:<\/span><br \/>\n<strong><img loading=\"lazy\" decoding=\"async\" class=\"aligncenter wp-image-2123\" src=\"https:\/\/www.casalidellacisterna.it\/wp-content\/uploads\/2017\/06\/5-adulti-casali-della-cisterna-300x88.png\" alt=\"\" width=\"135\" height=\"40\" \/><\/strong><\/p>\n<p>[\/vc_column_text]\n    <div class=\"nd_options_section nd_options_line_height_0  nd_options_text_align_center \">\n        <span style=\"height:1px;width:30px;background-color:#878787\" class=\"nd_options_display_inline_block\"><\/span>\n    <\/div>\n   <div style=\"background-color:;height: 20px\" class=\"nicdark_section  \"><\/div>[vc_column_text]<span style=\"color: #ffffff;\">Dans la Maison des marins, il y a 3 Suites Sup\u00e9rieures avec vue totale sur le lac, \u00e9quip\u00e9es d&rsquo;un balcon ou d&rsquo;une terrasse.<\/span><\/p>\n<p>&nbsp;<\/p>\n<p><span style=\"color: #ffffff;\">Toutes les suites disposent d&rsquo;une salle de s\u00e9jour et d&rsquo;une chambre \u00e0 coucher. Elles disposent de salles de bains en marbre, sont finement meubl\u00e9es et \u00e9quip\u00e9es de tout le confort et garantissent un s\u00e9jour inoubliable avec une vue spectaculaire sur le lac. Machine \u00e0 expresso et bouilloire.<\/span><\/p>\n<p>&nbsp;<\/p>\n<p><span style=\"color: #ffffff;\">Elles permettent d&rsquo;accueillir deux adultes ou des familles avec deux enfants jusqu&rsquo;\u00e0 12 ans + un b\u00e9b\u00e9 jusqu&rsquo;\u00e0 2 ans.<\/span><\/p>\n<p><span style=\"color: #ffffff;\">Il est interdit de fumer \u00e0 l&rsquo;int\u00e9rieur de la chambre et les animaux ne sont pas admis.<\/span>[\/vc_column_text]<div style=\"background-color:;height: 20px\" class=\"nicdark_section  \"><\/div>\n\t<div class=\"nd_options_section nd_options_text_align_center\">\n\t<a style=\"border: px solid;border-radius:px;letter-spacing:1px;line-height:20px;font-size:20px;background-color:#ffffff;padding:10px 20px;margin:5px;color:#000000\" rel=\"\" href=\"https:\/\/www.casalidellacisterna.it\/fr\/branches\/superior-suite\/\" class=\"nicdark_display_inline_block  nd_options_font_weight_normal nd_options_first_font  \">Visitez la page Suites Sup\u00e9rieures<\/a>\n\t<\/div>\n[\/vc_column][\/vc_row][vc_row full_width=\u00a0\u00bbstretch_row\u00a0\u00bb css=\u00a0\u00bb.vc_custom_1635777212448{border-top-width: 20px !important;border-bottom-width: 20px !important;padding-top: 10px !important;padding-bottom: 10px !important;background-color: #ffffff !important;}\u00a0\u00bb][vc_column css=\u00a0\u00bb.vc_custom_1498828130195{padding-right: 0px !important;padding-left: 0px !important;}\u00a0\u00bb] <h1 style=\"color:#000000;padding:50pxpx;text-align:center;font-size:45px;line-height:px;letter-spacing: px;font-weight:normal\" class=\"   nd_options_first_font \">Grand Suites<\/h1> <div style=\"background-color:;height: 20px\" class=\"nicdark_section  \"><\/div>\n    <div style=\"text-align:center\" class=\"nd_options_section\">\n      <img decoding=\"async\" alt=\"\" style=\"width:100%\" class=\" nd_options_margin_0 nd_options_padding_0 \" src=\"https:\/\/www.casalidellacisterna.it\/wp-content\/uploads\/2017\/06\/Suite-Sequoia-Lake-Maggiore-stresa1-1024x710.jpg\">\n    <\/div>\n   <div style=\"background-color:;height: 20px\" class=\"nicdark_section  \"><\/div>[vc_column_text]<\/p>\n<p style=\"text-align: center;\">Occupation maximale\u00a0:<\/p>\n<p><strong><img loading=\"lazy\" decoding=\"async\" class=\"aligncenter wp-image-2123\" src=\"https:\/\/www.casalidellacisterna.it\/wp-content\/uploads\/2017\/06\/5-adulti-casali-della-cisterna-300x88.png\" alt=\"\" width=\"135\" height=\"40\" \/><\/strong>[\/vc_column_text]\n    <div class=\"nd_options_section nd_options_line_height_0  nd_options_text_align_center \">\n        <span style=\"height:1px;width:30px;background-color:#878787\" class=\"nd_options_display_inline_block\"><\/span>\n    <\/div>\n   <div style=\"background-color:;height: 20px\" class=\"nicdark_section  \"><\/div>[vc_column_text]Dans la Maison des jardiniers, au quatri\u00e8me et dernier \u00e9tage, il y a la Grande suite Sequoia, la plus grande de toutes nos suites et les deux autres grandes suites sont situ\u00e9es dans la Maison des marins. Toutes sont diff\u00e9rentes les uns des autres, mais ils partagent la vue extraordinaire sur le lac, la largeur de leurs chambres (de 55 \u00e0 60 m\u00e8tres carr\u00e9s) et l&rsquo;\u00e9l\u00e9gance des finitions.<\/p>\n<p>&nbsp;<\/p>\n<p>Meubl\u00e9es avec soin, \u00e9quip\u00e9es d&rsquo;un grand salon, elles offrent tout le confort pour un s\u00e9jour m\u00e9morable en couple ou en famille. Salles de bains en marbre avec bain \u00e0 remous d&rsquo;angle et double vasque. Machine \u00e0 expresso et bouilloire.<\/p>\n<p>&nbsp;<\/p>\n<p>Ces suites peuvent accueillir jusqu&rsquo;\u00e0 5 adultes + un b\u00e9b\u00e9 de 2 ans.<\/p>\n<p>Il est interdit de fumer \u00e0 l&rsquo;int\u00e9rieur de la chambre et les animaux ne sont pas admis.[\/vc_column_text]<div style=\"background-color:;height: 20px\" class=\"nicdark_section  \"><\/div>\n\t<div class=\"nd_options_section nd_options_text_align_center\">\n\t<a style=\"border: px solid;border-radius:px;letter-spacing:1px;line-height:20px;font-size:20px;background-color:#000000;padding:10px 20px;margin:5px;color:#ffffff\" rel=\"\" href=\"https:\/\/www.casalidellacisterna.it\/fr\/branches\/grand-suite\/\" class=\"nicdark_display_inline_block  nd_options_font_weight_normal nd_options_first_font  \">Visitez la page Grandes Suites<\/a>\n\t<\/div>\n[\/vc_column][\/vc_row]<\/p>\n<\/div>","protected":false},"excerpt":{"rendered":"<p>[vc_row full_width=\u00a0\u00bbstretch_row\u00a0\u00bb css=\u00a0\u00bb.vc_custom_1635776935519{border-top-width: 30px !important;border-bottom-width: 20px !important;padding-bottom: 10px !important;background-color: #000000 !important;}\u00a0\u00bb][vc_column css=\u00a0\u00bb.vc_custom_1635776885540{padding-right: 0px !important;padding-left: 0px !important;}\u00a0\u00bb offset=\u00a0\u00bbvc_col-md-offset-0 vc_col-sm-offset-0&Prime;][vc_column_text] Occupation maximale\u00a0: [\/vc_column_text][vc_column_text]Dans la Maison des jardiniers, il y a 2 chambres doubles de luxe avec vue totale sur le lac et une chambre double basique avec vue partielle sur le lac. Ces chambres, plus grandes que [&hellip;]<\/p>\n","protected":false},"author":2,"featured_media":0,"parent":0,"menu_order":0,"comment_status":"closed","ping_status":"closed","template":"","meta":{"footnotes":""},"class_list":["post-3300","page","type-page","status-publish","hentry"],"yoast_head":"<!-- This site is optimized with the Yoast SEO plugin v27.4 - https:\/\/yoast.com\/product\/yoast-seo-wordpress\/ -->\n<title>Les meilleures chambres avec vue sur le lac Majeur - Hotel Belgirate<\/title>\n<meta name=\"description\" content=\"L&#039;h\u00f4tel situ\u00e9 \u00e0 Belgirate, sur le lac Majeur dispose de 13 chambres et suites avec vue panoramique sur le lac, \u00e9quip\u00e9es d&#039;une baignoire.\" \/>\n<meta name=\"robots\" content=\"index, follow, max-snippet:-1, max-image-preview:large, max-video-preview:-1\" \/>\n<link rel=\"canonical\" href=\"https:\/\/www.casalidellacisterna.it\/fr\/suites\/\" \/>\n<meta property=\"og:locale\" content=\"fr_FR\" \/>\n<meta property=\"og:type\" content=\"article\" \/>\n<meta property=\"og:title\" content=\"Les meilleures chambres avec vue sur le lac Majeur - Hotel Belgirate\" \/>\n<meta property=\"og:description\" content=\"L&#039;h\u00f4tel situ\u00e9 \u00e0 Belgirate, sur le lac Majeur dispose de 13 chambres et suites avec vue panoramique sur le lac, \u00e9quip\u00e9es d&#039;une baignoire.\" \/>\n<meta property=\"og:url\" content=\"https:\/\/www.casalidellacisterna.it\/fr\/suites\/\" \/>\n<meta property=\"og:site_name\" content=\"Relais Casali della Cisterna\" \/>\n<meta property=\"article:publisher\" content=\"casalidellacisterna\" \/>\n<meta property=\"article:modified_time\" content=\"2021-11-01T17:23:04+00:00\" \/>\n<meta property=\"og:image\" content=\"https:\/\/www.casalidellacisterna.it\/wp-content\/uploads\/2019\/05\/doppia-1.png\" \/>\n<meta name=\"twitter:card\" content=\"summary_large_image\" \/>\n<meta name=\"twitter:label1\" content=\"Dur\u00e9e de lecture estim\u00e9e\" \/>\n\t<meta name=\"twitter:data1\" content=\"4 minutes\" \/>\n<script type=\"application\/ld+json\" class=\"yoast-schema-graph\">{\"@context\":\"https:\\\/\\\/schema.org\",\"@graph\":[{\"@type\":\"WebPage\",\"@id\":\"https:\\\/\\\/www.casalidellacisterna.it\\\/fr\\\/suites\\\/\",\"url\":\"https:\\\/\\\/www.casalidellacisterna.it\\\/fr\\\/suites\\\/\",\"name\":\"Les meilleures chambres avec vue sur le lac Majeur - Hotel Belgirate\",\"isPartOf\":{\"@id\":\"https:\\\/\\\/www.casalidellacisterna.it\\\/fr\\\/#website\"},\"primaryImageOfPage\":{\"@id\":\"https:\\\/\\\/www.casalidellacisterna.it\\\/fr\\\/suites\\\/#primaryimage\"},\"image\":{\"@id\":\"https:\\\/\\\/www.casalidellacisterna.it\\\/fr\\\/suites\\\/#primaryimage\"},\"thumbnailUrl\":\"https:\\\/\\\/www.casalidellacisterna.it\\\/wp-content\\\/uploads\\\/2019\\\/05\\\/doppia-1.png\",\"datePublished\":\"2017-06-30T07:54:09+00:00\",\"dateModified\":\"2021-11-01T17:23:04+00:00\",\"description\":\"L'h\u00f4tel situ\u00e9 \u00e0 Belgirate, sur le lac Majeur dispose de 13 chambres et suites avec vue panoramique sur le lac, \u00e9quip\u00e9es d'une baignoire.\",\"breadcrumb\":{\"@id\":\"https:\\\/\\\/www.casalidellacisterna.it\\\/fr\\\/suites\\\/#breadcrumb\"},\"inLanguage\":\"fr-FR\",\"potentialAction\":[{\"@type\":\"ReadAction\",\"target\":[\"https:\\\/\\\/www.casalidellacisterna.it\\\/fr\\\/suites\\\/\"]}]},{\"@type\":\"ImageObject\",\"inLanguage\":\"fr-FR\",\"@id\":\"https:\\\/\\\/www.casalidellacisterna.it\\\/fr\\\/suites\\\/#primaryimage\",\"url\":\"https:\\\/\\\/www.casalidellacisterna.it\\\/wp-content\\\/uploads\\\/2019\\\/05\\\/doppia-1.png\",\"contentUrl\":\"https:\\\/\\\/www.casalidellacisterna.it\\\/wp-content\\\/uploads\\\/2019\\\/05\\\/doppia-1.png\"},{\"@type\":\"BreadcrumbList\",\"@id\":\"https:\\\/\\\/www.casalidellacisterna.it\\\/fr\\\/suites\\\/#breadcrumb\",\"itemListElement\":[{\"@type\":\"ListItem\",\"position\":1,\"name\":\"Home\",\"item\":\"https:\\\/\\\/www.casalidellacisterna.it\\\/fr\\\/\"},{\"@type\":\"ListItem\",\"position\":2,\"name\":\"Suites\"}]},{\"@type\":\"WebSite\",\"@id\":\"https:\\\/\\\/www.casalidellacisterna.it\\\/fr\\\/#website\",\"url\":\"https:\\\/\\\/www.casalidellacisterna.it\\\/fr\\\/\",\"name\":\"Relais Casali della Cisterna\",\"description\":\"Historical Hotel Lake Maggiore\",\"publisher\":{\"@id\":\"https:\\\/\\\/www.casalidellacisterna.it\\\/fr\\\/#\\\/schema\\\/person\\\/7ccfea2f538ad615acbc68bd3f482935\"},\"potentialAction\":[{\"@type\":\"SearchAction\",\"target\":{\"@type\":\"EntryPoint\",\"urlTemplate\":\"https:\\\/\\\/www.casalidellacisterna.it\\\/fr\\\/?s={search_term_string}\"},\"query-input\":{\"@type\":\"PropertyValueSpecification\",\"valueRequired\":true,\"valueName\":\"search_term_string\"}}],\"inLanguage\":\"fr-FR\"},{\"@type\":[\"Person\",\"Organization\"],\"@id\":\"https:\\\/\\\/www.casalidellacisterna.it\\\/fr\\\/#\\\/schema\\\/person\\\/7ccfea2f538ad615acbc68bd3f482935\",\"name\":\"albertoavveduti\",\"image\":{\"@type\":\"ImageObject\",\"inLanguage\":\"fr-FR\",\"@id\":\"https:\\\/\\\/secure.gravatar.com\\\/avatar\\\/e43059e4816e51e713f76676af589c7492e749797d74acffb42ed2ed06283c64?s=96&d=mm&r=g\",\"url\":\"https:\\\/\\\/secure.gravatar.com\\\/avatar\\\/e43059e4816e51e713f76676af589c7492e749797d74acffb42ed2ed06283c64?s=96&d=mm&r=g\",\"contentUrl\":\"https:\\\/\\\/secure.gravatar.com\\\/avatar\\\/e43059e4816e51e713f76676af589c7492e749797d74acffb42ed2ed06283c64?s=96&d=mm&r=g\",\"caption\":\"albertoavveduti\"},\"logo\":{\"@id\":\"https:\\\/\\\/secure.gravatar.com\\\/avatar\\\/e43059e4816e51e713f76676af589c7492e749797d74acffb42ed2ed06283c64?s=96&d=mm&r=g\"},\"sameAs\":[\"casalidellacisterna\",\"casalicisterna\"]}]}<\/script>\n<!-- \/ Yoast SEO plugin. -->","yoast_head_json":{"title":"Les meilleures chambres avec vue sur le lac Majeur - Hotel Belgirate","description":"L'h\u00f4tel situ\u00e9 \u00e0 Belgirate, sur le lac Majeur dispose de 13 chambres et suites avec vue panoramique sur le lac, \u00e9quip\u00e9es d'une baignoire.","robots":{"index":"index","follow":"follow","max-snippet":"max-snippet:-1","max-image-preview":"max-image-preview:large","max-video-preview":"max-video-preview:-1"},"canonical":"https:\/\/www.casalidellacisterna.it\/fr\/suites\/","og_locale":"fr_FR","og_type":"article","og_title":"Les meilleures chambres avec vue sur le lac Majeur - Hotel Belgirate","og_description":"L'h\u00f4tel situ\u00e9 \u00e0 Belgirate, sur le lac Majeur dispose de 13 chambres et suites avec vue panoramique sur le lac, \u00e9quip\u00e9es d'une baignoire.","og_url":"https:\/\/www.casalidellacisterna.it\/fr\/suites\/","og_site_name":"Relais Casali della Cisterna","article_publisher":"casalidellacisterna","article_modified_time":"2021-11-01T17:23:04+00:00","og_image":[{"url":"https:\/\/www.casalidellacisterna.it\/wp-content\/uploads\/2019\/05\/doppia-1.png","type":"","width":"","height":""}],"twitter_card":"summary_large_image","twitter_misc":{"Dur\u00e9e de lecture estim\u00e9e":"4 minutes"},"schema":{"@context":"https:\/\/schema.org","@graph":[{"@type":"WebPage","@id":"https:\/\/www.casalidellacisterna.it\/fr\/suites\/","url":"https:\/\/www.casalidellacisterna.it\/fr\/suites\/","name":"Les meilleures chambres avec vue sur le lac Majeur - Hotel Belgirate","isPartOf":{"@id":"https:\/\/www.casalidellacisterna.it\/fr\/#website"},"primaryImageOfPage":{"@id":"https:\/\/www.casalidellacisterna.it\/fr\/suites\/#primaryimage"},"image":{"@id":"https:\/\/www.casalidellacisterna.it\/fr\/suites\/#primaryimage"},"thumbnailUrl":"https:\/\/www.casalidellacisterna.it\/wp-content\/uploads\/2019\/05\/doppia-1.png","datePublished":"2017-06-30T07:54:09+00:00","dateModified":"2021-11-01T17:23:04+00:00","description":"L'h\u00f4tel situ\u00e9 \u00e0 Belgirate, sur le lac Majeur dispose de 13 chambres et suites avec vue panoramique sur le lac, \u00e9quip\u00e9es d'une baignoire.","breadcrumb":{"@id":"https:\/\/www.casalidellacisterna.it\/fr\/suites\/#breadcrumb"},"inLanguage":"fr-FR","potentialAction":[{"@type":"ReadAction","target":["https:\/\/www.casalidellacisterna.it\/fr\/suites\/"]}]},{"@type":"ImageObject","inLanguage":"fr-FR","@id":"https:\/\/www.casalidellacisterna.it\/fr\/suites\/#primaryimage","url":"https:\/\/www.casalidellacisterna.it\/wp-content\/uploads\/2019\/05\/doppia-1.png","contentUrl":"https:\/\/www.casalidellacisterna.it\/wp-content\/uploads\/2019\/05\/doppia-1.png"},{"@type":"BreadcrumbList","@id":"https:\/\/www.casalidellacisterna.it\/fr\/suites\/#breadcrumb","itemListElement":[{"@type":"ListItem","position":1,"name":"Home","item":"https:\/\/www.casalidellacisterna.it\/fr\/"},{"@type":"ListItem","position":2,"name":"Suites"}]},{"@type":"WebSite","@id":"https:\/\/www.casalidellacisterna.it\/fr\/#website","url":"https:\/\/www.casalidellacisterna.it\/fr\/","name":"Relais Casali della Cisterna","description":"Historical Hotel Lake Maggiore","publisher":{"@id":"https:\/\/www.casalidellacisterna.it\/fr\/#\/schema\/person\/7ccfea2f538ad615acbc68bd3f482935"},"potentialAction":[{"@type":"SearchAction","target":{"@type":"EntryPoint","urlTemplate":"https:\/\/www.casalidellacisterna.it\/fr\/?s={search_term_string}"},"query-input":{"@type":"PropertyValueSpecification","valueRequired":true,"valueName":"search_term_string"}}],"inLanguage":"fr-FR"},{"@type":["Person","Organization"],"@id":"https:\/\/www.casalidellacisterna.it\/fr\/#\/schema\/person\/7ccfea2f538ad615acbc68bd3f482935","name":"albertoavveduti","image":{"@type":"ImageObject","inLanguage":"fr-FR","@id":"https:\/\/secure.gravatar.com\/avatar\/e43059e4816e51e713f76676af589c7492e749797d74acffb42ed2ed06283c64?s=96&d=mm&r=g","url":"https:\/\/secure.gravatar.com\/avatar\/e43059e4816e51e713f76676af589c7492e749797d74acffb42ed2ed06283c64?s=96&d=mm&r=g","contentUrl":"https:\/\/secure.gravatar.com\/avatar\/e43059e4816e51e713f76676af589c7492e749797d74acffb42ed2ed06283c64?s=96&d=mm&r=g","caption":"albertoavveduti"},"logo":{"@id":"https:\/\/secure.gravatar.com\/avatar\/e43059e4816e51e713f76676af589c7492e749797d74acffb42ed2ed06283c64?s=96&d=mm&r=g"},"sameAs":["casalidellacisterna","casalicisterna"]}]}},"_links":{"self":[{"href":"https:\/\/www.casalidellacisterna.it\/fr\/wp-json\/wp\/v2\/pages\/3300","targetHints":{"allow":["GET"]}}],"collection":[{"href":"https:\/\/www.casalidellacisterna.it\/fr\/wp-json\/wp\/v2\/pages"}],"about":[{"href":"https:\/\/www.casalidellacisterna.it\/fr\/wp-json\/wp\/v2\/types\/page"}],"author":[{"embeddable":true,"href":"https:\/\/www.casalidellacisterna.it\/fr\/wp-json\/wp\/v2\/users\/2"}],"replies":[{"embeddable":true,"href":"https:\/\/www.casalidellacisterna.it\/fr\/wp-json\/wp\/v2\/comments?post=3300"}],"version-history":[{"count":0,"href":"https:\/\/www.casalidellacisterna.it\/fr\/wp-json\/wp\/v2\/pages\/3300\/revisions"}],"wp:attachment":[{"href":"https:\/\/www.casalidellacisterna.it\/fr\/wp-json\/wp\/v2\/media?parent=3300"}],"curies":[{"name":"wp","href":"https:\/\/api.w.org\/{rel}","templated":true}]}}