{"id":3301,"date":"2017-06-30T09:54:09","date_gmt":"2017-06-30T07:54:09","guid":{"rendered":"https:\/\/www.casalidellacisterna.it\/scopri-la-suite-piu-adatta-alle-tue-esigenze\/"},"modified":"2021-11-01T18:48:03","modified_gmt":"2021-11-01T17:48:03","slug":"suites","status":"publish","type":"page","link":"https:\/\/www.casalidellacisterna.it\/de\/suites\/","title":{"rendered":"Suites"},"content":{"rendered":"<div class=\"wpb-content-wrapper\"><p>[vc_row full_width=&#8220;stretch_row&#8220; css=&#8220;.vc_custom_1635776935519{border-top-width: 30px !important;border-bottom-width: 20px !important;padding-bottom: 10px !important;background-color: #000000 !important;}&#8220;][vc_column css=&#8220;.vc_custom_1635776885540{padding-right: 0px !important;padding-left: 0px !important;}&#8220; offset=&#8220;vc_col-md-offset-0 vc_col-sm-offset-0&#8243;] <h1 style=\"color:#ffffff;padding:50pxpx;text-align:center;font-size:45px;line-height:px;letter-spacing: px;font-weight:normal\" class=\"   nd_options_first_font \">Doppelzimmer<\/h1> <div style=\"background-color:;height: 20px\" class=\"nicdark_section  \"><\/div>\n    <div style=\"text-align:center\" class=\"nd_options_section\">\n      <img decoding=\"async\" alt=\"\" style=\"width:100%\" class=\" nd_options_margin_0 nd_options_padding_0 \" src=\"https:\/\/www.casalidellacisterna.it\/wp-content\/uploads\/2019\/05\/double-deluxe-hotel-lake-maggiore-1024x710.jpg\">\n    <\/div>\n   <div style=\"background-color:;height: 20px\" class=\"nicdark_section  \"><\/div>[vc_column_text]<\/p>\n<p style=\"text-align: center;\">Maximale Belegung:<\/p>\n<p><span style=\"color: #ffffff;\"><img loading=\"lazy\" decoding=\"async\" class=\"aligncenter wp-image-2032\" src=\"https:\/\/www.casalidellacisterna.it\/wp-content\/uploads\/2019\/05\/doppia-1.png\" alt=\"\" width=\"47\" height=\"40\" \/><\/span>[\/vc_column_text]\n    <div class=\"nd_options_section nd_options_line_height_0  nd_options_text_align_center \">\n        <span style=\"height:1px;width:30px;background-color:#878787\" class=\"nd_options_display_inline_block\"><\/span>\n    <\/div>\n   <div style=\"background-color:;height: 20px\" class=\"nicdark_section  \"><\/div>[vc_column_text]<span style=\"color: #ffffff;\">In dem G\u00e4rtnerhaus gibt es 2 Deluxe Doppelzimmer mit totalem Seeblick und ein Basic Doppelzimmer mit halbem Seeblick.<\/span><\/p>\n<p>&nbsp;<\/p>\n<p><span style=\"color: #ffffff;\">Diese \u00fcberdurchschnittlich gro\u00dfen Zimmer sind elegant eingerichtet, mit einem Doppelbett (oder zwei Einzelbetten) von 2 Mt x 2 Mt ausgestattet und mit allem Komfort, um Ihnen einen sch\u00f6nen Aufenthalt am See zu erm\u00f6glichen. Die Badezimmer sind aus Marmor mit Doppelwaschbecken und feine Oberfl\u00e4chen. Espressomaschine und Wasserkocher.<\/span><\/p>\n<p>&nbsp;<\/p>\n<p><span style=\"color: #ffffff;\">Diese Zimmer bieten Platz f\u00fcr bis zu zwei Erwachsene.<\/span><\/p>\n<p><span style=\"color: #ffffff;\">Es ist verboten im Zimmer zu rauchen und Haustiere sind nicht erlaubt.<\/span>[\/vc_column_text]<div style=\"background-color:;height: 20px\" class=\"nicdark_section  \"><\/div>\n\t<div class=\"nd_options_section nd_options_text_align_center\">\n\t<a style=\"border: px solid;border-radius:px;letter-spacing:1px;line-height:20px;font-size:20px;background-color:#ffffff;padding:10px 20px;margin:5px;color:#000000\" rel=\"\" href=\"https:\/\/www.casalidellacisterna.it\/de\/Suites\/deluxe-doppelzimmer-seeblick\/\" class=\"nicdark_display_inline_block  nd_options_font_weight_normal nd_options_first_font  \">Besuchen Sie die Seite Deluxe Doppelzimmer<\/a>\n\t<\/div>\n<div style=\"background-color:;height: 10px\" class=\"nicdark_section  \"><\/div>\n    <div class=\"nd_options_section nd_options_line_height_0  nd_options_text_align_center \">\n        <span style=\"height:1px;width:30px;background-color:#878787\" class=\"nd_options_display_inline_block\"><\/span>\n    <\/div>\n   <div style=\"background-color:;height: 10px\" class=\"nicdark_section  \"><\/div>\n\t<div class=\"nd_options_section nd_options_text_align_center\">\n\t<a style=\"border: px solid;border-radius:px;letter-spacing:1px;line-height:20px;font-size:20px;background-color:#ffffff;padding:10px 20px;margin:5px;color:#000000\" rel=\"\" href=\"https:\/\/www.casalidellacisterna.it\/de\/Suites\/basic-doppelzimmer\/\" class=\"nicdark_display_inline_block  nd_options_font_weight_normal nd_options_first_font  \">Besuchen Sie die Seite Basic Doppelzimmer<\/a>\n\t<\/div>\n[\/vc_column][\/vc_row][vc_row full_width=&#8220;stretch_row&#8220; css=&#8220;.vc_custom_1635777196520{border-top-width: 20px !important;border-bottom-width: 20px !important;padding-top: 10px !important;padding-bottom: 10px !important;background-color: #ffffff !important;}&#8220;][vc_column css=&#8220;.vc_custom_1498828130195{padding-right: 0px !important;padding-left: 0px !important;}&#8220;] <h1 style=\"color:#000000;padding:50pxpx;text-align:center;font-size:45px;line-height:px;letter-spacing: px;font-weight:normal\" class=\"   nd_options_first_font \">Junior Suites<\/h1> <div style=\"background-color:;height: 20px\" class=\"nicdark_section  \"><\/div>\n    <div style=\"text-align:center\" class=\"nd_options_section\">\n      <img decoding=\"async\" alt=\"\" style=\"width:100%\" class=\" nd_options_margin_0 nd_options_padding_0 \" src=\"https:\/\/www.casalidellacisterna.it\/wp-content\/uploads\/2019\/05\/junior-suite-canfora-hotel-belgirate-1-1024x710.jpg\">\n    <\/div>\n   <div style=\"background-color:;height: 20px\" class=\"nicdark_section  \"><\/div>[vc_column_text]<\/p>\n<p style=\"text-align: center;\">Maximale Belegung:<\/p>\n<p><img loading=\"lazy\" decoding=\"async\" class=\"aligncenter wp-image-2037\" src=\"https:\/\/www.casalidellacisterna.it\/wp-content\/uploads\/2019\/05\/max-occupation-300x88.png\" alt=\"\" width=\"135\" height=\"40\" \/>[\/vc_column_text]\n    <div class=\"nd_options_section nd_options_line_height_0  nd_options_text_align_center \">\n        <span style=\"height:1px;width:30px;background-color:#878787\" class=\"nd_options_display_inline_block\"><\/span>\n    <\/div>\n   <div style=\"background-color:;height: 20px\" class=\"nicdark_section  \"><\/div>[vc_column_text]In dem G\u00e4rtnerhaus gibt es 3 Juniorsuiten mit Seeblick und in dem Seemannhaus gibt es eine Deluxe Juniorsuite mit seitlichem Balkon und totalem Seeblick.<\/p>\n<p>&nbsp;<\/p>\n<p>Alle Suiten sind elegant eingerichtet, mit einer Sitzecke ausgestattet und bieten allen Komfort f\u00fcr einen unvergesslichen Aufenthalt zu zweit. Marmorb\u00e4der mit Doppelwaschbecken. Espressomaschine und Wasserkocher.<\/p>\n<p>&nbsp;<\/p>\n<p>Die Suiten erm\u00f6glichen den Aufenthalt von zwei Erwachsenen + einem Kleinkind bis 2 Jahre.<\/p>\n<p>Es ist verboten im Zimmer zu rauchen und Haustiere sind nicht erlaubt.[\/vc_column_text]<div style=\"background-color:;height: 20px\" class=\"nicdark_section  \"><\/div>\n\t<div class=\"nd_options_section nd_options_text_align_center\">\n\t<a style=\"border: px solid;border-radius:px;letter-spacing:1px;line-height:20px;font-size:20px;background-color:#000000;padding:10px 20px;margin:5px;color:#ffffff\" rel=\"\" href=\"https:\/\/www.casalidellacisterna.it\/de\/branches\/junior-suite\/\" class=\"nicdark_display_inline_block  nd_options_font_weight_normal nd_options_first_font  \">Besuchen Sie die Seite Junior Suiten<\/a>\n\t<\/div>\n[\/vc_column][\/vc_row][vc_row full_width=&#8220;stretch_row&#8220; css=&#8220;.vc_custom_1635777203159{border-top-width: 30px !important;border-bottom-width: 20px !important;padding-bottom: 10px !important;background-color: #000000 !important;}&#8220;][vc_column css=&#8220;.vc_custom_1635761469067{padding-right: 0px !important;padding-left: 0px !important;}&#8220;] <h1 style=\"color:#ffffff;padding:50pxpx;text-align:center;font-size:45px;line-height:px;letter-spacing: px;font-weight:normal\" class=\"   nd_options_first_font \">Superior Suites<\/h1> <div style=\"background-color:;height: 20px\" class=\"nicdark_section  \"><\/div>\n    <div style=\"text-align:center\" class=\"nd_options_section\">\n      <img decoding=\"async\" alt=\"\" style=\"width:100%\" class=\" nd_options_margin_0 nd_options_padding_0 \" src=\"https:\/\/www.casalidellacisterna.it\/wp-content\/uploads\/2019\/05\/terrace-lac-majeur-hotel-1024x710.jpg\">\n    <\/div>\n   <div style=\"background-color:;height: 20px\" class=\"nicdark_section  \"><\/div>[vc_column_text]<\/p>\n<p style=\"text-align: center;\">Maximale Belegung:<br \/>\n<strong><img loading=\"lazy\" decoding=\"async\" class=\"aligncenter wp-image-2123\" src=\"https:\/\/www.casalidellacisterna.it\/wp-content\/uploads\/2017\/06\/5-adulti-casali-della-cisterna-300x88.png\" alt=\"\" width=\"135\" height=\"40\" \/><\/strong><\/p>\n<p>[\/vc_column_text]\n    <div class=\"nd_options_section nd_options_line_height_0  nd_options_text_align_center \">\n        <span style=\"height:1px;width:30px;background-color:#878787\" class=\"nd_options_display_inline_block\"><\/span>\n    <\/div>\n   <div style=\"background-color:;height: 20px\" class=\"nicdark_section  \"><\/div>[vc_column_text]<span style=\"color: #ffffff;\">In dem Seemannhaus befinden sich 3 Superior Suiten mit vollem Blick auf den See, ausgestattet mit Balkon oder Terrasse.<\/span><\/p>\n<p>&nbsp;<\/p>\n<p><span style=\"color: #ffffff;\">Alle Suiten verf\u00fcgen \u00fcber ein Wohnzimmer und ein Schlafzimmer. Sie verf\u00fcgen \u00fcber Marmorb\u00e4der, sind fein m\u00f6bliert und mit allem Komfort ausgestattet und sorgen f\u00fcr einen unvergesslichen Aufenthalt mit spektakul\u00e4rem Blick auf den See. Espressomaschine und Wasserkocher.<\/span><\/p>\n<p>&nbsp;<\/p>\n<p><span style=\"color: #ffffff;\">Sie bieten Platz f\u00fcr zwei Erwachsene oder Familien mit zwei Kindern bis 12 Jahre + einem Kleinkind bis 2 Jahre.<\/span><\/p>\n<p><span style=\"color: #ffffff;\">Es ist verboten im Zimmer zu rauchen und Haustiere sind nicht erlaubt.<\/span>[\/vc_column_text]<div style=\"background-color:;height: 20px\" class=\"nicdark_section  \"><\/div>\n\t<div class=\"nd_options_section nd_options_text_align_center\">\n\t<a style=\"border: px solid;border-radius:px;letter-spacing:1px;line-height:20px;font-size:20px;background-color:#ffffff;padding:10px 20px;margin:5px;color:#000000\" rel=\"\" href=\"https:\/\/www.casalidellacisterna.it\/de\/branches\/superior-suite\/\" class=\"nicdark_display_inline_block  nd_options_font_weight_normal nd_options_first_font  \">Besuchen Sie die Seite Superior Suiten<\/a>\n\t<\/div>\n[\/vc_column][\/vc_row][vc_row full_width=&#8220;stretch_row&#8220; css=&#8220;.vc_custom_1635777212448{border-top-width: 20px !important;border-bottom-width: 20px !important;padding-top: 10px !important;padding-bottom: 10px !important;background-color: #ffffff !important;}&#8220;][vc_column css=&#8220;.vc_custom_1498828130195{padding-right: 0px !important;padding-left: 0px !important;}&#8220;] <h1 style=\"color:#000000;padding:50pxpx;text-align:center;font-size:45px;line-height:px;letter-spacing: px;font-weight:normal\" class=\"   nd_options_first_font \">Grand Suites<\/h1> <div style=\"background-color:;height: 20px\" class=\"nicdark_section  \"><\/div>\n    <div style=\"text-align:center\" class=\"nd_options_section\">\n      <img decoding=\"async\" alt=\"\" style=\"width:100%\" class=\" nd_options_margin_0 nd_options_padding_0 \" src=\"https:\/\/www.casalidellacisterna.it\/wp-content\/uploads\/2017\/06\/Suite-Sequoia-Lake-Maggiore-stresa1-1024x710.jpg\">\n    <\/div>\n   <div style=\"background-color:;height: 20px\" class=\"nicdark_section  \"><\/div>[vc_column_text]<\/p>\n<p style=\"text-align: center;\">Maximale Belegung:<\/p>\n<p><strong><img loading=\"lazy\" decoding=\"async\" class=\"aligncenter wp-image-2123\" src=\"https:\/\/www.casalidellacisterna.it\/wp-content\/uploads\/2017\/06\/5-adulti-casali-della-cisterna-300x88.png\" alt=\"\" width=\"135\" height=\"40\" \/><\/strong>[\/vc_column_text]\n    <div class=\"nd_options_section nd_options_line_height_0  nd_options_text_align_center \">\n        <span style=\"height:1px;width:30px;background-color:#878787\" class=\"nd_options_display_inline_block\"><\/span>\n    <\/div>\n   <div style=\"background-color:;height: 20px\" class=\"nicdark_section  \"><\/div>[vc_column_text]In dem G\u00e4rtnerhaus, im vierten und obersten Stock, befindet sich die Grand Suite Sequoia, die gr\u00f6\u00dfte unserer Suiten und die beiden anderen Grand Suiten befinden sich in dem Seemannhaus. Alle Suiten unterscheiden sich voneinander, aber sie teilen den au\u00dfergew\u00f6hnlichen Blick auf den See, die Breite ihrer Zimmer (von 55 bis 60 qM) und die Eleganz der Oberfl\u00e4chen.<\/p>\n<p>&nbsp;<\/p>\n<p>Sorgf\u00e4ltig eingerichtet, mit einem gro\u00dfen Wohnzimmer ausgestattet, bieten sie allen Komfort f\u00fcr einen unvergesslichen Aufenthalt zu zweit oder mit der Familie. Marmorb\u00e4der mit Eck-Whirlpoolwanne und Doppelwaschbecken. Espressomaschine und Wasserkocher.<\/p>\n<p>&nbsp;<\/p>\n<p>Diese Suiten erm\u00f6glichen den Aufenthalt von bis zu 5 Erwachsenen + ein 2-j\u00e4hrigen Kleinkind.<\/p>\n<p>Es ist verboten im Zimmer zu rauchen und Haustiere sind nicht erlaubt.[\/vc_column_text]<div style=\"background-color:;height: 20px\" class=\"nicdark_section  \"><\/div>\n\t<div class=\"nd_options_section nd_options_text_align_center\">\n\t<a style=\"border: px solid;border-radius:px;letter-spacing:1px;line-height:20px;font-size:20px;background-color:#000000;padding:10px 20px;margin:5px;color:#ffffff\" rel=\"\" href=\"https:\/\/www.casalidellacisterna.it\/de\/branches\/grand-suite\/\" class=\"nicdark_display_inline_block  nd_options_font_weight_normal nd_options_first_font  \">Besuchen Sie die Grand Suites-Seite<\/a>\n\t<\/div>\n[\/vc_column][\/vc_row]<\/p>\n<\/div>","protected":false},"excerpt":{"rendered":"<p>[vc_row full_width=&#8220;stretch_row&#8220; css=&#8220;.vc_custom_1635776935519{border-top-width: 30px !important;border-bottom-width: 20px !important;padding-bottom: 10px !important;background-color: #000000 !important;}&#8220;][vc_column css=&#8220;.vc_custom_1635776885540{padding-right: 0px !important;padding-left: 0px !important;}&#8220; offset=&#8220;vc_col-md-offset-0 vc_col-sm-offset-0&#8243;][vc_column_text] Maximale Belegung: [\/vc_column_text][vc_column_text]In dem G\u00e4rtnerhaus gibt es 2 Deluxe Doppelzimmer mit totalem Seeblick und ein Basic Doppelzimmer mit halbem Seeblick. &nbsp; Diese \u00fcberdurchschnittlich gro\u00dfen Zimmer sind elegant eingerichtet, mit einem Doppelbett (oder zwei Einzelbetten) von 2 Mt [&hellip;]<\/p>\n","protected":false},"author":2,"featured_media":0,"parent":0,"menu_order":0,"comment_status":"closed","ping_status":"closed","template":"","meta":{"footnotes":""},"class_list":["post-3301","page","type-page","status-publish","hentry"],"yoast_head":"<!-- This site is optimized with the Yoast SEO plugin v27.4 - https:\/\/yoast.com\/product\/yoast-seo-wordpress\/ -->\n<title>Die besten Zimmer mit Blick auf den Lago Maggiore - Hotel im Belgirate<\/title>\n<meta name=\"description\" content=\"Das Hotel am Lago Maggiore verf\u00fcgt \u00fcber 13 Zimmer und Suiten, alle mit Panoramablick auf den See, elegant eingerichtet und mit einer Badewanne ausgestattet\" \/>\n<meta name=\"robots\" content=\"index, follow, max-snippet:-1, max-image-preview:large, max-video-preview:-1\" \/>\n<link rel=\"canonical\" href=\"https:\/\/www.casalidellacisterna.it\/de\/suites\/\" \/>\n<meta property=\"og:locale\" content=\"de_DE\" \/>\n<meta property=\"og:type\" content=\"article\" \/>\n<meta property=\"og:title\" content=\"Die besten Zimmer mit Blick auf den Lago Maggiore - Hotel im Belgirate\" \/>\n<meta property=\"og:description\" content=\"Das Hotel am Lago Maggiore verf\u00fcgt \u00fcber 13 Zimmer und Suiten, alle mit Panoramablick auf den See, elegant eingerichtet und mit einer Badewanne ausgestattet\" \/>\n<meta property=\"og:url\" content=\"https:\/\/www.casalidellacisterna.it\/de\/suites\/\" \/>\n<meta property=\"og:site_name\" content=\"Relais Casali della Cisterna\" \/>\n<meta property=\"article:publisher\" content=\"casalidellacisterna\" \/>\n<meta property=\"article:modified_time\" content=\"2021-11-01T17:48:03+00:00\" \/>\n<meta property=\"og:image\" content=\"https:\/\/www.casalidellacisterna.it\/wp-content\/uploads\/2019\/05\/doppia-1.png\" \/>\n<meta name=\"twitter:card\" content=\"summary_large_image\" \/>\n<meta name=\"twitter:label1\" content=\"Gesch\u00e4tzte Lesezeit\" \/>\n\t<meta name=\"twitter:data1\" content=\"4\u00a0Minuten\" \/>\n<script type=\"application\/ld+json\" class=\"yoast-schema-graph\">{\"@context\":\"https:\\\/\\\/schema.org\",\"@graph\":[{\"@type\":\"WebPage\",\"@id\":\"https:\\\/\\\/www.casalidellacisterna.it\\\/de\\\/suites\\\/\",\"url\":\"https:\\\/\\\/www.casalidellacisterna.it\\\/de\\\/suites\\\/\",\"name\":\"Die besten Zimmer mit Blick auf den Lago Maggiore - Hotel im Belgirate\",\"isPartOf\":{\"@id\":\"https:\\\/\\\/www.casalidellacisterna.it\\\/de\\\/#website\"},\"primaryImageOfPage\":{\"@id\":\"https:\\\/\\\/www.casalidellacisterna.it\\\/de\\\/suites\\\/#primaryimage\"},\"image\":{\"@id\":\"https:\\\/\\\/www.casalidellacisterna.it\\\/de\\\/suites\\\/#primaryimage\"},\"thumbnailUrl\":\"https:\\\/\\\/www.casalidellacisterna.it\\\/wp-content\\\/uploads\\\/2019\\\/05\\\/doppia-1.png\",\"datePublished\":\"2017-06-30T07:54:09+00:00\",\"dateModified\":\"2021-11-01T17:48:03+00:00\",\"description\":\"Das Hotel am Lago Maggiore verf\u00fcgt \u00fcber 13 Zimmer und Suiten, alle mit Panoramablick auf den See, elegant eingerichtet und mit einer Badewanne ausgestattet\",\"breadcrumb\":{\"@id\":\"https:\\\/\\\/www.casalidellacisterna.it\\\/de\\\/suites\\\/#breadcrumb\"},\"inLanguage\":\"de\",\"potentialAction\":[{\"@type\":\"ReadAction\",\"target\":[\"https:\\\/\\\/www.casalidellacisterna.it\\\/de\\\/suites\\\/\"]}]},{\"@type\":\"ImageObject\",\"inLanguage\":\"de\",\"@id\":\"https:\\\/\\\/www.casalidellacisterna.it\\\/de\\\/suites\\\/#primaryimage\",\"url\":\"https:\\\/\\\/www.casalidellacisterna.it\\\/wp-content\\\/uploads\\\/2019\\\/05\\\/doppia-1.png\",\"contentUrl\":\"https:\\\/\\\/www.casalidellacisterna.it\\\/wp-content\\\/uploads\\\/2019\\\/05\\\/doppia-1.png\"},{\"@type\":\"BreadcrumbList\",\"@id\":\"https:\\\/\\\/www.casalidellacisterna.it\\\/de\\\/suites\\\/#breadcrumb\",\"itemListElement\":[{\"@type\":\"ListItem\",\"position\":1,\"name\":\"Home\",\"item\":\"https:\\\/\\\/www.casalidellacisterna.it\\\/de\\\/\"},{\"@type\":\"ListItem\",\"position\":2,\"name\":\"Suites\"}]},{\"@type\":\"WebSite\",\"@id\":\"https:\\\/\\\/www.casalidellacisterna.it\\\/de\\\/#website\",\"url\":\"https:\\\/\\\/www.casalidellacisterna.it\\\/de\\\/\",\"name\":\"Relais Casali della Cisterna\",\"description\":\"Historical Hotel Lake Maggiore\",\"publisher\":{\"@id\":\"https:\\\/\\\/www.casalidellacisterna.it\\\/de\\\/#\\\/schema\\\/person\\\/7ccfea2f538ad615acbc68bd3f482935\"},\"potentialAction\":[{\"@type\":\"SearchAction\",\"target\":{\"@type\":\"EntryPoint\",\"urlTemplate\":\"https:\\\/\\\/www.casalidellacisterna.it\\\/de\\\/?s={search_term_string}\"},\"query-input\":{\"@type\":\"PropertyValueSpecification\",\"valueRequired\":true,\"valueName\":\"search_term_string\"}}],\"inLanguage\":\"de\"},{\"@type\":[\"Person\",\"Organization\"],\"@id\":\"https:\\\/\\\/www.casalidellacisterna.it\\\/de\\\/#\\\/schema\\\/person\\\/7ccfea2f538ad615acbc68bd3f482935\",\"name\":\"albertoavveduti\",\"image\":{\"@type\":\"ImageObject\",\"inLanguage\":\"de\",\"@id\":\"https:\\\/\\\/secure.gravatar.com\\\/avatar\\\/e43059e4816e51e713f76676af589c7492e749797d74acffb42ed2ed06283c64?s=96&d=mm&r=g\",\"url\":\"https:\\\/\\\/secure.gravatar.com\\\/avatar\\\/e43059e4816e51e713f76676af589c7492e749797d74acffb42ed2ed06283c64?s=96&d=mm&r=g\",\"contentUrl\":\"https:\\\/\\\/secure.gravatar.com\\\/avatar\\\/e43059e4816e51e713f76676af589c7492e749797d74acffb42ed2ed06283c64?s=96&d=mm&r=g\",\"caption\":\"albertoavveduti\"},\"logo\":{\"@id\":\"https:\\\/\\\/secure.gravatar.com\\\/avatar\\\/e43059e4816e51e713f76676af589c7492e749797d74acffb42ed2ed06283c64?s=96&d=mm&r=g\"},\"sameAs\":[\"casalidellacisterna\",\"casalicisterna\"]}]}<\/script>\n<!-- \/ Yoast SEO plugin. -->","yoast_head_json":{"title":"Die besten Zimmer mit Blick auf den Lago Maggiore - Hotel im Belgirate","description":"Das Hotel am Lago Maggiore verf\u00fcgt \u00fcber 13 Zimmer und Suiten, alle mit Panoramablick auf den See, elegant eingerichtet und mit einer Badewanne ausgestattet","robots":{"index":"index","follow":"follow","max-snippet":"max-snippet:-1","max-image-preview":"max-image-preview:large","max-video-preview":"max-video-preview:-1"},"canonical":"https:\/\/www.casalidellacisterna.it\/de\/suites\/","og_locale":"de_DE","og_type":"article","og_title":"Die besten Zimmer mit Blick auf den Lago Maggiore - Hotel im Belgirate","og_description":"Das Hotel am Lago Maggiore verf\u00fcgt \u00fcber 13 Zimmer und Suiten, alle mit Panoramablick auf den See, elegant eingerichtet und mit einer Badewanne ausgestattet","og_url":"https:\/\/www.casalidellacisterna.it\/de\/suites\/","og_site_name":"Relais Casali della Cisterna","article_publisher":"casalidellacisterna","article_modified_time":"2021-11-01T17:48:03+00:00","og_image":[{"url":"https:\/\/www.casalidellacisterna.it\/wp-content\/uploads\/2019\/05\/doppia-1.png","type":"","width":"","height":""}],"twitter_card":"summary_large_image","twitter_misc":{"Gesch\u00e4tzte Lesezeit":"4\u00a0Minuten"},"schema":{"@context":"https:\/\/schema.org","@graph":[{"@type":"WebPage","@id":"https:\/\/www.casalidellacisterna.it\/de\/suites\/","url":"https:\/\/www.casalidellacisterna.it\/de\/suites\/","name":"Die besten Zimmer mit Blick auf den Lago Maggiore - Hotel im Belgirate","isPartOf":{"@id":"https:\/\/www.casalidellacisterna.it\/de\/#website"},"primaryImageOfPage":{"@id":"https:\/\/www.casalidellacisterna.it\/de\/suites\/#primaryimage"},"image":{"@id":"https:\/\/www.casalidellacisterna.it\/de\/suites\/#primaryimage"},"thumbnailUrl":"https:\/\/www.casalidellacisterna.it\/wp-content\/uploads\/2019\/05\/doppia-1.png","datePublished":"2017-06-30T07:54:09+00:00","dateModified":"2021-11-01T17:48:03+00:00","description":"Das Hotel am Lago Maggiore verf\u00fcgt \u00fcber 13 Zimmer und Suiten, alle mit Panoramablick auf den See, elegant eingerichtet und mit einer Badewanne ausgestattet","breadcrumb":{"@id":"https:\/\/www.casalidellacisterna.it\/de\/suites\/#breadcrumb"},"inLanguage":"de","potentialAction":[{"@type":"ReadAction","target":["https:\/\/www.casalidellacisterna.it\/de\/suites\/"]}]},{"@type":"ImageObject","inLanguage":"de","@id":"https:\/\/www.casalidellacisterna.it\/de\/suites\/#primaryimage","url":"https:\/\/www.casalidellacisterna.it\/wp-content\/uploads\/2019\/05\/doppia-1.png","contentUrl":"https:\/\/www.casalidellacisterna.it\/wp-content\/uploads\/2019\/05\/doppia-1.png"},{"@type":"BreadcrumbList","@id":"https:\/\/www.casalidellacisterna.it\/de\/suites\/#breadcrumb","itemListElement":[{"@type":"ListItem","position":1,"name":"Home","item":"https:\/\/www.casalidellacisterna.it\/de\/"},{"@type":"ListItem","position":2,"name":"Suites"}]},{"@type":"WebSite","@id":"https:\/\/www.casalidellacisterna.it\/de\/#website","url":"https:\/\/www.casalidellacisterna.it\/de\/","name":"Relais Casali della Cisterna","description":"Historical Hotel Lake Maggiore","publisher":{"@id":"https:\/\/www.casalidellacisterna.it\/de\/#\/schema\/person\/7ccfea2f538ad615acbc68bd3f482935"},"potentialAction":[{"@type":"SearchAction","target":{"@type":"EntryPoint","urlTemplate":"https:\/\/www.casalidellacisterna.it\/de\/?s={search_term_string}"},"query-input":{"@type":"PropertyValueSpecification","valueRequired":true,"valueName":"search_term_string"}}],"inLanguage":"de"},{"@type":["Person","Organization"],"@id":"https:\/\/www.casalidellacisterna.it\/de\/#\/schema\/person\/7ccfea2f538ad615acbc68bd3f482935","name":"albertoavveduti","image":{"@type":"ImageObject","inLanguage":"de","@id":"https:\/\/secure.gravatar.com\/avatar\/e43059e4816e51e713f76676af589c7492e749797d74acffb42ed2ed06283c64?s=96&d=mm&r=g","url":"https:\/\/secure.gravatar.com\/avatar\/e43059e4816e51e713f76676af589c7492e749797d74acffb42ed2ed06283c64?s=96&d=mm&r=g","contentUrl":"https:\/\/secure.gravatar.com\/avatar\/e43059e4816e51e713f76676af589c7492e749797d74acffb42ed2ed06283c64?s=96&d=mm&r=g","caption":"albertoavveduti"},"logo":{"@id":"https:\/\/secure.gravatar.com\/avatar\/e43059e4816e51e713f76676af589c7492e749797d74acffb42ed2ed06283c64?s=96&d=mm&r=g"},"sameAs":["casalidellacisterna","casalicisterna"]}]}},"_links":{"self":[{"href":"https:\/\/www.casalidellacisterna.it\/de\/wp-json\/wp\/v2\/pages\/3301","targetHints":{"allow":["GET"]}}],"collection":[{"href":"https:\/\/www.casalidellacisterna.it\/de\/wp-json\/wp\/v2\/pages"}],"about":[{"href":"https:\/\/www.casalidellacisterna.it\/de\/wp-json\/wp\/v2\/types\/page"}],"author":[{"embeddable":true,"href":"https:\/\/www.casalidellacisterna.it\/de\/wp-json\/wp\/v2\/users\/2"}],"replies":[{"embeddable":true,"href":"https:\/\/www.casalidellacisterna.it\/de\/wp-json\/wp\/v2\/comments?post=3301"}],"version-history":[{"count":0,"href":"https:\/\/www.casalidellacisterna.it\/de\/wp-json\/wp\/v2\/pages\/3301\/revisions"}],"wp:attachment":[{"href":"https:\/\/www.casalidellacisterna.it\/de\/wp-json\/wp\/v2\/media?parent=3301"}],"curies":[{"name":"wp","href":"https:\/\/api.w.org\/{rel}","templated":true}]}}