{"id":3269,"date":"2019-05-07T15:52:08","date_gmt":"2019-05-07T13:52:08","guid":{"rendered":"https:\/\/www.casalidellacisterna.it\/servizi-a-disposizione\/"},"modified":"2024-10-25T15:41:10","modified_gmt":"2024-10-25T13:41:10","slug":"service","status":"publish","type":"page","link":"https:\/\/www.casalidellacisterna.it\/de\/service\/","title":{"rendered":"Service"},"content":{"rendered":"<div class=\"wpb-content-wrapper\"><p>[vc_row content_placement=&#8220;middle&#8220; css=&#8220;.vc_custom_1557399493448{margin-top: 60px !important;margin-bottom: 60px !important;}&#8220;][vc_column width=&#8220;1\/2&#8243;]<div style=\"background-color:;height: 10px\" class=\"nicdark_section  \"><\/div> <p style=\"color:#1c1c1c;padding:20px;text-align:center;font-size:40px;line-height:55px;letter-spacing: px;font-weight:normal\" class=\"  nd_options_text_align_center_responsive_important nd_options_slogan_text nd_options_first_font \"><u>Snackbar Stendhal und Cycas Terrasse<\/u><\/p>  <p style=\"color:#1c1c1c;padding:20px;text-align:center;font-size:20px;line-height:25px;letter-spacing: px;font-weight:normal\" class=\"  nd_options_text_align_center_responsive_important nd_options_slogan_text nd_options_first_font \">Jeden Morgen wird ein leckeres Fr\u00fchst\u00fcck drinnen oder drau\u00dfen (je nach Wetter) bedient. Casali della Cisterna bietet Ihnen eine Bar und Kaffee-Service im Stendhal Raum oder drau\u00dfen, auf der Cycas Terrasse, im Schatten des alten Mammutbaum mit Seeblick. Probieren Sie einen schnellen Snack mit einem Glas guten italienischen Wein aus unserer Weinauswahl oder halten Sie sich f\u00fcr ein einfaches Abendessen an, wenn Sie zu m\u00fcde sind, um auszugehen.<\/p> \n\t<div class=\"nd_options_section nd_options_text_align_center\">\n\t<a style=\"border: px solid;border-radius:0px;letter-spacing:2px;line-height:11px;font-size:11px;background-color:#c19b76;padding:15px 35px;margin:;color:#ffffff\" rel=\"\" target=\"_blank\" href=\"https:\/\/www.casalidellacisterna.it\/de\/breakfast-e-snack\/\" class=\"nicdark_display_inline_block  nd_options_font_weight_bold nd_options_second_font  \">ENTDECKEN<\/a>\n\t<\/div>\n<div style=\"background-color:;height: 10px\" class=\"nicdark_section  \"><\/div>[\/vc_column][vc_column width=&#8220;1\/2&#8243;]\n    <div style=\"text-align:\" class=\"nd_options_section\">\n      <img decoding=\"async\" alt=\"\" style=\"width:100%\" class=\" nd_options_margin_0 nd_options_padding_0 \" src=\"https:\/\/www.casalidellacisterna.it\/wp-content\/uploads\/2019\/05\/cycas-bar-e-stenhal.jpg\">\n    <\/div>\n   [\/vc_column][\/vc_row][vc_row content_placement=&#8220;middle&#8220; css=&#8220;.vc_custom_1557399487689{margin-top: 60px !important;margin-bottom: 60px !important;}&#8220;][vc_column width=&#8220;1\/2&#8243;]\n    <div style=\"text-align:\" class=\"nd_options_section\">\n      <img decoding=\"async\" alt=\"\" style=\"width:100%\" class=\" nd_options_margin_0 nd_options_padding_0 \" src=\"https:\/\/www.casalidellacisterna.it\/wp-content\/uploads\/2019\/05\/parking-hotel-casali-della-cisterna.jpg\">\n    <\/div>\n   [\/vc_column][vc_column width=&#8220;1\/2&#8243;]<div style=\"background-color:;height: 10px\" class=\"nicdark_section  \"><\/div> <p style=\"color:#1c1c1c;padding:20px;text-align:center;font-size:40px;line-height:55px;letter-spacing: px;font-weight:normal\" class=\"  nd_options_text_align_center_responsive_important nd_options_slogan_text nd_options_first_font \"><u>Privater Parkplatz<\/u><\/p> <div style=\"background-color:;height: 10px\" class=\"nicdark_section  \"><\/div> <p style=\"color:#1c1c1c;padding:10px;text-align:center;font-size:20px;line-height:25px;letter-spacing: px;font-weight:normal\" class=\"  nd_options_text_align_center_responsive_important nd_options_slogan_text nd_options_first_font \">Kostenlose Parkpl\u00e4tze im Freien in einem gesch\u00fctzten Bereich<\/p>  <p style=\"color:#1c1c1c;padding:10px;text-align:center;font-size:20px;line-height:25px;letter-spacing: px;font-weight:normal\" class=\"  nd_options_text_align_center_responsive_important nd_options_slogan_text nd_options_first_font \">2 \u00fcberdachte Parkpl\u00e4tze f\u00fcr Ihr Auto mit Laden von Elektroautos 380 V 16 A, Typ2-Stecker<\/p>  <p style=\"color:#1c1c1c;padding:10px;text-align:center;font-size:20px;line-height:25px;letter-spacing: px;font-weight:normal\" class=\"  nd_options_text_align_center_responsive_important nd_options_slogan_text nd_options_first_font \">5 \u00fcberdachte Parkpl\u00e4tze f\u00fcr Ihr Auto 220-V-Ladepunkt f\u00fcr Hybridautos mit Haushaltssteckdose<\/p>  <p style=\"color:#1c1c1c;padding:10px;text-align:center;font-size:20px;line-height:25px;letter-spacing: px;font-weight:normal\" class=\"  nd_options_text_align_center_responsive_important nd_options_slogan_text nd_options_first_font \">Sicherer Fahrradabstellplatz<\/p> <div style=\"background-color:;height: 10px\" class=\"nicdark_section  \"><\/div>[\/vc_column][\/vc_row][vc_row content_placement=&#8220;middle&#8220; css=&#8220;.vc_custom_1557399487689{margin-top: 60px !important;margin-bottom: 60px !important;}&#8220;][vc_column width=&#8220;1\/2&#8243;]<div style=\"background-color:;height: 10px\" class=\"nicdark_section  \"><\/div> <p style=\"color:#1c1c1c;padding:20px;text-align:center;font-size:40px;line-height:55px;letter-spacing: px;font-weight:normal\" class=\"  nd_options_text_align_center_responsive_important nd_options_slogan_text nd_options_first_font \"><u>Meeting Room<\/u><\/p> <div style=\"background-color:;height: 20px\" class=\"nicdark_section  \"><\/div> <p style=\"color:#1c1c1c;padding:10px;text-align:center;font-size:20px;line-height:25px;letter-spacing: px;font-weight:normal\" class=\"  nd_options_text_align_center_responsive_important nd_options_slogan_text nd_options_first_font \">Das Hotel verf\u00fcgt \u00fcber einen kleinen, privaten Tagungsraum f\u00fcr bis zu 20 Personen, ausgestattet mit einem 55-Zoll-Smart-TV, Whiteboards und allem, was Sie f\u00fcr Ihr Gesch\u00e4ftstreffen ben\u00f6tigen.<\/p> <div style=\"background-color:;height: 20px\" class=\"nicdark_section  \"><\/div> <p style=\"color:#1c1c1c;padding:10px;text-align:center;font-size:20px;line-height:25px;letter-spacing: px;font-weight:normal\" class=\"  nd_options_text_align_center_responsive_important nd_options_slogan_text nd_options_first_font \">Der elegante und raffinierte Raum mit Seeblick vom gro\u00dfen zentralen Bullauge bietet eine entspannende und raffinierte Umgebung f\u00fcr jede Art von Tagung.<\/p> <div style=\"background-color:;height: 10px\" class=\"nicdark_section  \"><\/div>[\/vc_column][vc_column width=&#8220;1\/2&#8243;]\n    <div style=\"text-align:\" class=\"nd_options_section\">\n      <img decoding=\"async\" alt=\"\" style=\"width:100%\" class=\" nd_options_margin_0 nd_options_padding_0 \" src=\"https:\/\/www.casalidellacisterna.it\/wp-content\/uploads\/2024\/10\/Room-meeting.jpg\">\n    <\/div>\n   [\/vc_column][\/vc_row][vc_row content_placement=&#8220;middle&#8220; css=&#8220;.vc_custom_1557399487689{margin-top: 60px !important;margin-bottom: 60px !important;}&#8220;][vc_column width=&#8220;1\/2&#8243;]\n    <div style=\"text-align:\" class=\"nd_options_section\">\n      <img decoding=\"async\" alt=\"\" style=\"width:100%\" class=\" nd_options_margin_0 nd_options_padding_0 \" src=\"https:\/\/www.casalidellacisterna.it\/wp-content\/uploads\/2023\/05\/piscina-web-casali-della-cisterna.jpg\">\n    <\/div>\n   [\/vc_column][vc_column width=&#8220;1\/2&#8243;]<div style=\"background-color:;height: 10px\" class=\"nicdark_section  \"><\/div> <p style=\"color:#1c1c1c;padding:20px;text-align:center;font-size:40px;line-height:55px;letter-spacing: px;font-weight:normal\" class=\"  nd_options_text_align_center_responsive_important nd_options_slogan_text nd_options_first_font \"><u>Viel Platz f\u00fcr Ihre Aktivit\u00e4ten<\/u><\/p>  <p style=\"color:#1c1c1c;padding:10px;text-align:center;font-size:20px;line-height:25px;letter-spacing: px;font-weight:normal\" class=\"  nd_options_text_align_center_responsive_important nd_options_slogan_text nd_options_first_font \">Seeblick Schwimmbad und Whirlpool<\/p>  <p style=\"color:#1c1c1c;padding:10px;text-align:center;font-size:20px;line-height:25px;letter-spacing: px;font-weight:normal\" class=\"  nd_options_text_align_center_responsive_important nd_options_slogan_text nd_options_first_font \">Mehrere entspannende Ecken im Park, Deck, H\u00e4ngematte, Wasserfall, Teich<\/p>  <p style=\"color:#1c1c1c;padding:10px;text-align:center;font-size:20px;line-height:25px;letter-spacing: px;font-weight:normal\" class=\"  nd_options_text_align_center_responsive_important nd_options_slogan_text nd_options_first_font \">Spielplatz mit Trampolin, Rutsche und Schaukel<\/p>  <p style=\"color:#1c1c1c;padding:10px;text-align:center;font-size:20px;line-height:25px;letter-spacing: px;font-weight:normal\" class=\"  nd_options_text_align_center_responsive_important nd_options_slogan_text nd_options_first_font \">Kinderspielplatz mit Tischtennis, Tischfu\u00dfball und Darts<\/p> <div style=\"background-color:;height: 10px\" class=\"nicdark_section  \"><\/div>[\/vc_column][\/vc_row][vc_row content_placement=&#8220;middle&#8220; css=&#8220;.vc_custom_1557399487689{margin-top: 60px !important;margin-bottom: 60px !important;}&#8220;][vc_column width=&#8220;1\/2&#8243;]<div style=\"background-color:;height: 10px\" class=\"nicdark_section  \"><\/div> <p style=\"color:#1c1c1c;padding:20px;text-align:center;font-size:40px;line-height:55px;letter-spacing: px;font-weight:normal\" class=\"  nd_options_text_align_center_responsive_important nd_options_slogan_text nd_options_first_font \"><u> Geniessen Sie Ihre Zeit<\/u><\/p> <div style=\"background-color:;height: 20px\" class=\"nicdark_section  \"><\/div> <p style=\"color:#1c1c1c;padding:px;text-align:center;font-size:20px;line-height:25px;letter-spacing: px;font-weight:bold\" class=\"  nd_options_text_align_center_responsive_important nd_options_slogan_text nd_options_first_font \">Fitnessraum mit Seeblick<\/p>  <p style=\"color:#1c1c1c;padding:10px;text-align:center;font-size:20px;line-height:25px;letter-spacing: px;font-weight:normal\" class=\"  nd_options_text_align_center_responsive_important nd_options_slogan_text nd_options_first_font \">Ruderger\u00e4t, Laufband und Ellipsentrainer<\/p> <div style=\"background-color:;height: 20px\" class=\"nicdark_section  \"><\/div> <p style=\"color:#1c1c1c;padding:px;text-align:center;font-size:20px;line-height:25px;letter-spacing: px;font-weight:bold\" class=\"  nd_options_text_align_center_responsive_important nd_options_slogan_text nd_options_first_font \">Privater Masseur<\/p>  <p style=\"color:#1c1c1c;padding:10px;text-align:center;font-size:20px;line-height:25px;letter-spacing: px;font-weight:normal\" class=\"  nd_options_text_align_center_responsive_important nd_options_slogan_text nd_options_first_font \">nach vorheriger Reservierung k\u00f6nnen Sie eine Massage in Ihrem Zimmer bekommen<\/p> <div style=\"background-color:;height: 10px\" class=\"nicdark_section  \"><\/div>[\/vc_column][vc_column width=&#8220;1\/2&#8243;]\n    <div style=\"text-align:\" class=\"nd_options_section\">\n      <img decoding=\"async\" alt=\"\" style=\"width:100%\" class=\" nd_options_margin_0 nd_options_padding_0 \" src=\"https:\/\/www.casalidellacisterna.it\/wp-content\/uploads\/2019\/05\/massaggio-rilassante-in-hotel-lago-maggiore.jpg\">\n    <\/div>\n   [\/vc_column][\/vc_row][vc_row equal_height=&#8220;yes&#8220; css=&#8220;.vc_custom_1557220102263{margin-bottom: 80px !important;}&#8220;][vc_column width=&#8220;1\/3&#8243; css=&#8220;.vc_custom_1557220216307{background-image: url(https:\/\/www.casalidellacisterna.it\/wp-content\/uploads\/2019\/05\/PARK-AND-LAKE.jpg?id=1472) !important;background-position: center !important;background-repeat: no-repeat !important;background-size: cover !important;}&#8220;]<div style=\"background-color:;height: 50px\" class=\"nicdark_section  \"><\/div> <h3 style=\"color:#ffffff;padding:px;text-align:center;font-size:22px;line-height:22px;letter-spacing: px;font-weight:normal\" class=\"   nd_options_first_font \">UNSERE ANGEBOTE<\/h3> <div style=\"background-color:;height: 10px\" class=\"nicdark_section  \"><\/div>\n\t<div class=\"nd_options_section nd_options_text_align_center\">\n\t<a style=\"border: 1px solid #ffffff;border-radius:0px;letter-spacing:px;line-height:15px;font-size:15px;background-color:#c19b76;padding:10px 20px;margin:10px;color:#ffffff\" rel=\"\" href=\"https:\/\/www.casalidellacisterna.it\/de\/sonderangebote\/\" class=\"nicdark_display_inline_block  nd_options_font_weight_lighter nd_options_second_font  \">ENTDECKEN<\/a>\n\t<\/div>\n<div style=\"background-color:;height: 50px\" class=\"nicdark_section  \"><\/div>[\/vc_column][vc_column width=&#8220;1\/3&#8243; css=&#8220;.vc_custom_1557220228286{background-image: url(https:\/\/www.casalidellacisterna.it\/wp-content\/uploads\/2019\/05\/SUPERIOR-SUITES.jpg?id=1456) !important;background-position: center !important;background-repeat: no-repeat !important;background-size: cover !important;}&#8220;]<div style=\"background-color:;height: 50px\" class=\"nicdark_section  \"><\/div> <h3 style=\"color:#ffffff;padding:px;text-align:center;font-size:22px;line-height:22px;letter-spacing: px;font-weight:normal\" class=\"   nd_options_first_font \">UNSERE SUITEN<\/h3> <div style=\"background-color:;height: 10px\" class=\"nicdark_section  \"><\/div>\n\t<div class=\"nd_options_section nd_options_text_align_center\">\n\t<a style=\"border: 1px solid #ffffff;border-radius:0px;letter-spacing:px;line-height:15px;font-size:15px;background-color:#c19b76;padding:10px 20px;margin:10px;color:#ffffff\" rel=\"\" href=\"https:\/\/www.casalidellacisterna.it\/de\/suites\/\" class=\"nicdark_display_inline_block  nd_options_font_weight_lighter nd_options_second_font  \">ENTDECKEN<\/a>\n\t<\/div>\n<div style=\"background-color:;height: 50px\" class=\"nicdark_section  \"><\/div>[\/vc_column][vc_column width=&#8220;1\/3&#8243; css=&#8220;.vc_custom_1557220238690{background-image: url(https:\/\/www.casalidellacisterna.it\/wp-content\/uploads\/2019\/05\/Vip-Suite-Dinghy-2.jpg?id=1430) !important;background-position: center !important;background-repeat: no-repeat !important;background-size: cover !important;}&#8220;]<div style=\"background-color:;height: 50px\" class=\"nicdark_section  \"><\/div> <h3 style=\"color:#ffffff;padding:px;text-align:center;font-size:22px;line-height:22px;letter-spacing: px;font-weight:normal\" class=\"   nd_options_first_font \">GALERIE<\/h3> <div style=\"background-color:;height: 10px\" class=\"nicdark_section  \"><\/div>\n\t<div class=\"nd_options_section nd_options_text_align_center\">\n\t<a style=\"border: 1px solid #ffffff;border-radius:0px;letter-spacing:px;line-height:15px;font-size:15px;background-color:#c19b76;padding:10px 20px;margin:10px;color:#ffffff\" rel=\"\" href=\"http:\/\/casalidellacisterna.it\/de\/photogallery\/\" class=\"nicdark_display_inline_block  nd_options_font_weight_lighter nd_options_second_font  \">ENTDECKEN<\/a>\n\t<\/div>\n<div style=\"background-color:;height: 50px\" class=\"nicdark_section  \"><\/div>[\/vc_column][\/vc_row]<\/p>\n<\/div>","protected":false},"excerpt":{"rendered":"<p>[vc_row content_placement=&#8220;middle&#8220; css=&#8220;.vc_custom_1557399493448{margin-top: 60px !important;margin-bottom: 60px !important;}&#8220;][vc_column width=&#8220;1\/2&#8243;][\/vc_column][vc_column width=&#8220;1\/2&#8243;][\/vc_column][\/vc_row][vc_row content_placement=&#8220;middle&#8220; css=&#8220;.vc_custom_1557399487689{margin-top: 60px !important;margin-bottom: 60px !important;}&#8220;][vc_column width=&#8220;1\/2&#8243;][\/vc_column][vc_column width=&#8220;1\/2&#8243;][\/vc_column][\/vc_row][vc_row content_placement=&#8220;middle&#8220; css=&#8220;.vc_custom_1557399487689{margin-top: 60px !important;margin-bottom: 60px !important;}&#8220;][vc_column width=&#8220;1\/2&#8243;][\/vc_column][vc_column width=&#8220;1\/2&#8243;][\/vc_column][\/vc_row][vc_row content_placement=&#8220;middle&#8220; css=&#8220;.vc_custom_1557399487689{margin-top: 60px !important;margin-bottom: 60px !important;}&#8220;][vc_column width=&#8220;1\/2&#8243;][\/vc_column][vc_column width=&#8220;1\/2&#8243;][\/vc_column][\/vc_row][vc_row content_placement=&#8220;middle&#8220; css=&#8220;.vc_custom_1557399487689{margin-top: 60px !important;margin-bottom: 60px !important;}&#8220;][vc_column width=&#8220;1\/2&#8243;][\/vc_column][vc_column width=&#8220;1\/2&#8243;][\/vc_column][\/vc_row][vc_row equal_height=&#8220;yes&#8220; css=&#8220;.vc_custom_1557220102263{margin-bottom: 80px !important;}&#8220;][vc_column width=&#8220;1\/3&#8243; css=&#8220;.vc_custom_1557220216307{background-image: url(https:\/\/www.casalidellacisterna.it\/wp-content\/uploads\/2019\/05\/PARK-AND-LAKE.jpg?id=1472) !important;background-position: center !important;background-repeat: no-repeat !important;background-size: cover !important;}&#8220;][\/vc_column][vc_column [&hellip;]<\/p>\n","protected":false},"author":2,"featured_media":0,"parent":0,"menu_order":0,"comment_status":"closed","ping_status":"closed","template":"","meta":{"footnotes":""},"class_list":["post-3269","page","type-page","status-publish","hentry"],"yoast_head":"<!-- This site is optimized with the Yoast SEO plugin v27.5 - https:\/\/yoast.com\/product\/yoast-seo-wordpress\/ -->\n<title>Service - Relais Casali della Cisterna<\/title>\n<meta name=\"description\" content=\"Hotel am Lago Maggiore mit Parkplatz und Ladestation f\u00fcr Elektroautos, Whirlpool im Freien, privatem Massageger\u00e4t, Fitnessbereich mit Seeblick und Spielplatz.\" \/>\n<meta name=\"robots\" content=\"index, follow, max-snippet:-1, max-image-preview:large, max-video-preview:-1\" \/>\n<link rel=\"canonical\" href=\"https:\/\/www.casalidellacisterna.it\/de\/service\/\" \/>\n<meta property=\"og:locale\" content=\"de_DE\" \/>\n<meta property=\"og:type\" content=\"article\" \/>\n<meta property=\"og:title\" content=\"Service - Relais Casali della Cisterna\" \/>\n<meta property=\"og:description\" content=\"Hotel am Lago Maggiore mit Parkplatz und Ladestation f\u00fcr Elektroautos, Whirlpool im Freien, privatem Massageger\u00e4t, Fitnessbereich mit Seeblick und Spielplatz.\" \/>\n<meta property=\"og:url\" content=\"https:\/\/www.casalidellacisterna.it\/de\/service\/\" \/>\n<meta property=\"og:site_name\" content=\"Relais Casali della Cisterna\" \/>\n<meta property=\"article:publisher\" content=\"casalidellacisterna\" \/>\n<meta property=\"article:modified_time\" content=\"2024-10-25T13:41:10+00:00\" \/>\n<meta property=\"og:image\" content=\"https:\/\/www.casalidellacisterna.it\/wp-content\/uploads\/2019\/05\/junior-suite-canfora-hotel-belgirate-1.jpg\" \/>\n\t<meta property=\"og:image:width\" content=\"1024\" \/>\n\t<meta property=\"og:image:height\" content=\"710\" \/>\n\t<meta property=\"og:image:type\" content=\"image\/jpeg\" \/>\n<meta name=\"twitter:card\" content=\"summary_large_image\" \/>\n<meta name=\"twitter:label1\" content=\"Gesch\u00e4tzte Lesezeit\" \/>\n\t<meta name=\"twitter:data1\" content=\"5\u00a0Minuten\" \/>\n<script type=\"application\/ld+json\" class=\"yoast-schema-graph\">{\"@context\":\"https:\\\/\\\/schema.org\",\"@graph\":[{\"@type\":\"WebPage\",\"@id\":\"https:\\\/\\\/www.casalidellacisterna.it\\\/de\\\/service\\\/\",\"url\":\"https:\\\/\\\/www.casalidellacisterna.it\\\/de\\\/service\\\/\",\"name\":\"Service - Relais Casali della Cisterna\",\"isPartOf\":{\"@id\":\"https:\\\/\\\/www.casalidellacisterna.it\\\/de\\\/#website\"},\"datePublished\":\"2019-05-07T13:52:08+00:00\",\"dateModified\":\"2024-10-25T13:41:10+00:00\",\"description\":\"Hotel am Lago Maggiore mit Parkplatz und Ladestation f\u00fcr Elektroautos, Whirlpool im Freien, privatem Massageger\u00e4t, Fitnessbereich mit Seeblick und Spielplatz.\",\"breadcrumb\":{\"@id\":\"https:\\\/\\\/www.casalidellacisterna.it\\\/de\\\/service\\\/#breadcrumb\"},\"inLanguage\":\"de\",\"potentialAction\":[{\"@type\":\"ReadAction\",\"target\":[\"https:\\\/\\\/www.casalidellacisterna.it\\\/de\\\/service\\\/\"]}]},{\"@type\":\"BreadcrumbList\",\"@id\":\"https:\\\/\\\/www.casalidellacisterna.it\\\/de\\\/service\\\/#breadcrumb\",\"itemListElement\":[{\"@type\":\"ListItem\",\"position\":1,\"name\":\"Home\",\"item\":\"https:\\\/\\\/www.casalidellacisterna.it\\\/de\\\/\"},{\"@type\":\"ListItem\",\"position\":2,\"name\":\"Service\"}]},{\"@type\":\"WebSite\",\"@id\":\"https:\\\/\\\/www.casalidellacisterna.it\\\/de\\\/#website\",\"url\":\"https:\\\/\\\/www.casalidellacisterna.it\\\/de\\\/\",\"name\":\"Relais Casali della Cisterna\",\"description\":\"Historical Hotel Lake Maggiore\",\"publisher\":{\"@id\":\"https:\\\/\\\/www.casalidellacisterna.it\\\/de\\\/#\\\/schema\\\/person\\\/7ccfea2f538ad615acbc68bd3f482935\"},\"potentialAction\":[{\"@type\":\"SearchAction\",\"target\":{\"@type\":\"EntryPoint\",\"urlTemplate\":\"https:\\\/\\\/www.casalidellacisterna.it\\\/de\\\/?s={search_term_string}\"},\"query-input\":{\"@type\":\"PropertyValueSpecification\",\"valueRequired\":true,\"valueName\":\"search_term_string\"}}],\"inLanguage\":\"de\"},{\"@type\":[\"Person\",\"Organization\"],\"@id\":\"https:\\\/\\\/www.casalidellacisterna.it\\\/de\\\/#\\\/schema\\\/person\\\/7ccfea2f538ad615acbc68bd3f482935\",\"name\":\"albertoavveduti\",\"image\":{\"@type\":\"ImageObject\",\"inLanguage\":\"de\",\"@id\":\"https:\\\/\\\/secure.gravatar.com\\\/avatar\\\/e43059e4816e51e713f76676af589c7492e749797d74acffb42ed2ed06283c64?s=96&d=mm&r=g\",\"url\":\"https:\\\/\\\/secure.gravatar.com\\\/avatar\\\/e43059e4816e51e713f76676af589c7492e749797d74acffb42ed2ed06283c64?s=96&d=mm&r=g\",\"contentUrl\":\"https:\\\/\\\/secure.gravatar.com\\\/avatar\\\/e43059e4816e51e713f76676af589c7492e749797d74acffb42ed2ed06283c64?s=96&d=mm&r=g\",\"caption\":\"albertoavveduti\"},\"logo\":{\"@id\":\"https:\\\/\\\/secure.gravatar.com\\\/avatar\\\/e43059e4816e51e713f76676af589c7492e749797d74acffb42ed2ed06283c64?s=96&d=mm&r=g\"},\"sameAs\":[\"casalidellacisterna\",\"casalicisterna\"]}]}<\/script>\n<!-- \/ Yoast SEO plugin. -->","yoast_head_json":{"title":"Service - Relais Casali della Cisterna","description":"Hotel am Lago Maggiore mit Parkplatz und Ladestation f\u00fcr Elektroautos, Whirlpool im Freien, privatem Massageger\u00e4t, Fitnessbereich mit Seeblick und Spielplatz.","robots":{"index":"index","follow":"follow","max-snippet":"max-snippet:-1","max-image-preview":"max-image-preview:large","max-video-preview":"max-video-preview:-1"},"canonical":"https:\/\/www.casalidellacisterna.it\/de\/service\/","og_locale":"de_DE","og_type":"article","og_title":"Service - Relais Casali della Cisterna","og_description":"Hotel am Lago Maggiore mit Parkplatz und Ladestation f\u00fcr Elektroautos, Whirlpool im Freien, privatem Massageger\u00e4t, Fitnessbereich mit Seeblick und Spielplatz.","og_url":"https:\/\/www.casalidellacisterna.it\/de\/service\/","og_site_name":"Relais Casali della Cisterna","article_publisher":"casalidellacisterna","article_modified_time":"2024-10-25T13:41:10+00:00","og_image":[{"width":1024,"height":710,"url":"https:\/\/www.casalidellacisterna.it\/wp-content\/uploads\/2019\/05\/junior-suite-canfora-hotel-belgirate-1.jpg","type":"image\/jpeg"}],"twitter_card":"summary_large_image","twitter_misc":{"Gesch\u00e4tzte Lesezeit":"5\u00a0Minuten"},"schema":{"@context":"https:\/\/schema.org","@graph":[{"@type":"WebPage","@id":"https:\/\/www.casalidellacisterna.it\/de\/service\/","url":"https:\/\/www.casalidellacisterna.it\/de\/service\/","name":"Service - Relais Casali della Cisterna","isPartOf":{"@id":"https:\/\/www.casalidellacisterna.it\/de\/#website"},"datePublished":"2019-05-07T13:52:08+00:00","dateModified":"2024-10-25T13:41:10+00:00","description":"Hotel am Lago Maggiore mit Parkplatz und Ladestation f\u00fcr Elektroautos, Whirlpool im Freien, privatem Massageger\u00e4t, Fitnessbereich mit Seeblick und Spielplatz.","breadcrumb":{"@id":"https:\/\/www.casalidellacisterna.it\/de\/service\/#breadcrumb"},"inLanguage":"de","potentialAction":[{"@type":"ReadAction","target":["https:\/\/www.casalidellacisterna.it\/de\/service\/"]}]},{"@type":"BreadcrumbList","@id":"https:\/\/www.casalidellacisterna.it\/de\/service\/#breadcrumb","itemListElement":[{"@type":"ListItem","position":1,"name":"Home","item":"https:\/\/www.casalidellacisterna.it\/de\/"},{"@type":"ListItem","position":2,"name":"Service"}]},{"@type":"WebSite","@id":"https:\/\/www.casalidellacisterna.it\/de\/#website","url":"https:\/\/www.casalidellacisterna.it\/de\/","name":"Relais Casali della Cisterna","description":"Historical Hotel Lake Maggiore","publisher":{"@id":"https:\/\/www.casalidellacisterna.it\/de\/#\/schema\/person\/7ccfea2f538ad615acbc68bd3f482935"},"potentialAction":[{"@type":"SearchAction","target":{"@type":"EntryPoint","urlTemplate":"https:\/\/www.casalidellacisterna.it\/de\/?s={search_term_string}"},"query-input":{"@type":"PropertyValueSpecification","valueRequired":true,"valueName":"search_term_string"}}],"inLanguage":"de"},{"@type":["Person","Organization"],"@id":"https:\/\/www.casalidellacisterna.it\/de\/#\/schema\/person\/7ccfea2f538ad615acbc68bd3f482935","name":"albertoavveduti","image":{"@type":"ImageObject","inLanguage":"de","@id":"https:\/\/secure.gravatar.com\/avatar\/e43059e4816e51e713f76676af589c7492e749797d74acffb42ed2ed06283c64?s=96&d=mm&r=g","url":"https:\/\/secure.gravatar.com\/avatar\/e43059e4816e51e713f76676af589c7492e749797d74acffb42ed2ed06283c64?s=96&d=mm&r=g","contentUrl":"https:\/\/secure.gravatar.com\/avatar\/e43059e4816e51e713f76676af589c7492e749797d74acffb42ed2ed06283c64?s=96&d=mm&r=g","caption":"albertoavveduti"},"logo":{"@id":"https:\/\/secure.gravatar.com\/avatar\/e43059e4816e51e713f76676af589c7492e749797d74acffb42ed2ed06283c64?s=96&d=mm&r=g"},"sameAs":["casalidellacisterna","casalicisterna"]}]}},"_links":{"self":[{"href":"https:\/\/www.casalidellacisterna.it\/de\/wp-json\/wp\/v2\/pages\/3269","targetHints":{"allow":["GET"]}}],"collection":[{"href":"https:\/\/www.casalidellacisterna.it\/de\/wp-json\/wp\/v2\/pages"}],"about":[{"href":"https:\/\/www.casalidellacisterna.it\/de\/wp-json\/wp\/v2\/types\/page"}],"author":[{"embeddable":true,"href":"https:\/\/www.casalidellacisterna.it\/de\/wp-json\/wp\/v2\/users\/2"}],"replies":[{"embeddable":true,"href":"https:\/\/www.casalidellacisterna.it\/de\/wp-json\/wp\/v2\/comments?post=3269"}],"version-history":[{"count":7,"href":"https:\/\/www.casalidellacisterna.it\/de\/wp-json\/wp\/v2\/pages\/3269\/revisions"}],"predecessor-version":[{"id":11179,"href":"https:\/\/www.casalidellacisterna.it\/de\/wp-json\/wp\/v2\/pages\/3269\/revisions\/11179"}],"wp:attachment":[{"href":"https:\/\/www.casalidellacisterna.it\/de\/wp-json\/wp\/v2\/media?parent=3269"}],"curies":[{"name":"wp","href":"https:\/\/api.w.org\/{rel}","templated":true}]}}