{"id":3238,"date":"2019-05-09T11:52:26","date_gmt":"2019-05-09T09:52:26","guid":{"rendered":"https:\/\/www.casalidellacisterna.it\/dimora-depoca-dellottocento\/"},"modified":"2022-01-04T20:41:08","modified_gmt":"2022-01-04T19:41:08","slug":"geschichte","status":"publish","type":"page","link":"https:\/\/www.casalidellacisterna.it\/de\/geschichte\/","title":{"rendered":"Geschichte"},"content":{"rendered":"<div class=\"wpb-content-wrapper\"><p>[vc_row full_width=&#8220;stretch_row&#8220; css=&#8220;.vc_custom_1641323049081{padding-top: 50px !important;padding-bottom: 50px !important;background: #ffffff url(https:\/\/www.casalidellacisterna.it\/wp-content\/uploads\/2022\/01\/turbida.png?id=9760) !important;background-position: center !important;background-repeat: no-repeat !important;background-size: contain !important;}&#8220;][vc_column][\/vc_column][\/vc_row][vc_row full_width=&#8220;stretch_row&#8220; content_placement=&#8220;top&#8220; css=&#8220;.vc_custom_1641317135461{background-color: #ffffff !important;background-position: center !important;background-repeat: no-repeat !important;background-size: contain !important;}&#8220;][vc_column]\n    <div style=\"text-align:center\" class=\"nd_options_section\">\n      <img decoding=\"async\" alt=\"\" style=\"width:80PX\" class=\" nd_options_margin_0 nd_options_padding_0 \" src=\"https:\/\/www.casalidellacisterna.it\/wp-content\/uploads\/2022\/01\/logo-casali_STORIA.png\">\n    <\/div>\n   [\/vc_column][\/vc_row][vc_row full_width=&#8220;stretch_row&#8220; equal_height=&#8220;yes&#8220; css=&#8220;.vc_custom_1637058560598{margin-top: 20px !important;background-color: #ffffff !important;}&#8220;][vc_column width=&#8220;1\/2&#8243; css=&#8220;.vc_custom_1637057857459{padding-top: 50px !important;padding-right: 40px !important;padding-bottom: 50px !important;}&#8220;] <p style=\"color:#1c1c1c;padding:px;text-align:;font-size:20px;line-height:30px;letter-spacing: px;font-weight:normal\" class=\"  nd_options_text_align_center_responsive_important nd_options_first_font \">Die Markgrafen von Dal Pozzo, sp\u00e4ter Dal Pozzo della Cisterna, waren eine Familie des piemontesischen Adels, die im 15. Jahrhundert von Giacomo Dal Pozzo gegr\u00fcndet wurde.<\/p> <div style=\"background-color:;height: 25px\" class=\"nicdark_section  \"><\/div> <p style=\"color:#1c1c1c;padding:px;text-align:;font-size:20px;line-height:30px;letter-spacing: px;font-weight:normal\" class=\"  nd_options_text_align_center_responsive_important nd_options_first_font \">Maria Vittoria dal Pozzo della Cisterna, Vertreterin dieser Adelsfamilie, war K\u00f6nigin von Spanien und Herzogin von Aosta.<\/p> <div style=\"background-color:;height: 25px\" class=\"nicdark_section  \"><\/div> <p style=\"color:#1c1c1c;padding:px;text-align:;font-size:20px;line-height:30px;letter-spacing: px;font-weight:normal\" class=\"  nd_options_text_align_center_responsive_important nd_options_first_font \">Das Wappen der Familie zeigt zwei Drachen, die einen Brunnen halten und daf\u00fcr sorgen, dass das Wasser darin nie tr\u00fcb wird (Turbida nunquam).<\/p> [\/vc_column][vc_column width=&#8220;1\/2&#8243; css=&#8220;.vc_custom_1641313634912{padding-top: 200px !important;padding-bottom: 200px !important;background-image: url(https:\/\/www.casalidellacisterna.it\/wp-content\/uploads\/2021\/01\/storia-casali-della-cisterna.jpg?id=5823) !important;background-position: center !important;background-repeat: no-repeat !important;background-size: cover !important;}&#8220;][\/vc_column][\/vc_row][vc_row full_width=&#8220;stretch_row&#8220; css=&#8220;.vc_custom_1641313119121{margin-top: 20px !important;margin-bottom: 20px !important;padding-top: 300px !important;padding-bottom: 300px !important;background-image: url(https:\/\/www.casalidellacisterna.it\/wp-content\/uploads\/2021\/01\/regata-lago-maggiore.jpg?id=5834) !important;background-position: center !important;background-repeat: no-repeat !important;background-size: cover !important;}&#8220;][vc_column][\/vc_column][\/vc_row][vc_row full_width=&#8220;stretch_row&#8220; equal_height=&#8220;yes&#8220;][vc_column width=&#8220;1\/2&#8243; css=&#8220;.vc_custom_1637057739791{padding-top: 70px !important;padding-bottom: 70px !important;}&#8220;] <p style=\"color:#1c1c1c;padding:px;text-align:;font-size:18px;line-height:40px;letter-spacing: px;font-weight:normal\" class=\"  nd_options_text_align_center_responsive_important nd_options_first_font \">Der Name \u201eCasali della Cisterna\u201c leitet sich vom Nachnamen der Prinzessin Luisa Dal Pozzo della Cisterna (1806-1867) ab, der das gro\u00dfe Anwesen 1827 von ihrem Ehemann Herzog Ferdinando Arborio zur Hochzeit geschenkt wurde.<\/p> <div style=\"background-color:;height: 25px\" class=\"nicdark_section  \"><\/div> <p style=\"color:#1c1c1c;padding:px;text-align:;font-size:18px;line-height:40px;letter-spacing: px;font-weight:normal\" class=\"  nd_options_text_align_center_responsive_important nd_options_first_font \">Das Hotel befindet sich auf dem gro\u00dfen Anwesen, das heute Villa Claudia dei Marchesi Dal Pozzo hei\u00dft.<\/p> <div style=\"background-color:;height: 25px\" class=\"nicdark_section  \"><\/div> <p style=\"color:#1c1c1c;padding:px;text-align:;font-size:18px;line-height:40px;letter-spacing: px;font-weight:normal\" class=\"  nd_options_text_align_center_responsive_important nd_options_first_font \">Das Anwesen wurde in zwei Einheiten aufgeteilt: das Relais Casali della Cisterna und die Villa Claudia.<\/p> <div style=\"background-color:;height: 25px\" class=\"nicdark_section  \"><\/div> <p style=\"color:#1c1c1c;padding:px;text-align:;font-size:18px;line-height:40px;letter-spacing: px;font-weight:normal\" class=\"  nd_options_text_align_center_responsive_important nd_options_first_font \">Die Villa war in der Vergangenheit (und auch heute noch) als Sommerresidenz der Markgrafen Dal Pozzo gedacht, w\u00e4hrend die beiden Geb\u00e4ude, aus denen unser Relais entstand, die H\u00e4user der G\u00e4rtner und Seeleute waren, die einst f\u00fcr die Markgrafen Dal Pozzo arbeiteten.<\/p> [\/vc_column][vc_column width=&#8220;1\/2&#8243; css=&#8220;.vc_custom_1641313454693{padding-top: 400px !important;padding-bottom: 400px !important;background-image: url(https:\/\/www.casalidellacisterna.it\/wp-content\/uploads\/2021\/01\/storia-lago-maggiore.jpg?id=5827) !important;background-position: center !important;background-repeat: no-repeat !important;background-size: cover !important;}&#8220;][\/vc_column][\/vc_row][vc_row equal_height=&#8220;yes&#8220; css=&#8220;.vc_custom_1636648739466{margin-top: 40px !important;margin-bottom: 40px !important;}&#8220;][vc_column width=&#8220;1\/3&#8243; css=&#8220;.vc_custom_1557220216307{background-image: url(https:\/\/www.casalidellacisterna.it\/wp-content\/uploads\/2019\/05\/PARK-AND-LAKE.jpg?id=1472) !important;background-position: center !important;background-repeat: no-repeat !important;background-size: cover !important;}&#8220;]<div style=\"background-color:;height: 50px\" class=\"nicdark_section  \"><\/div> <h3 style=\"color:#ffffff;padding:px;text-align:center;font-size:22px;line-height:22px;letter-spacing: px;font-weight:normal\" class=\"   nd_options_first_font \">UNSERE SONDERANGEBOTE<\/h3> <div style=\"background-color:;height: 10px\" class=\"nicdark_section  \"><\/div>\n\t<div class=\"nd_options_section nd_options_text_align_center\">\n\t<a style=\"border: 1px solid #ffffff;border-radius:0px;letter-spacing:px;line-height:15px;font-size:15px;background-color:#c19b76;padding:10px 20px;margin:10px;color:#ffffff\" rel=\"\" href=\"https:\/\/www.casalidellacisterna.it\/de\/sonderangebote\/\" class=\"nicdark_display_inline_block  nd_options_font_weight_lighter nd_options_second_font  \">ENTDECKEN<\/a>\n\t<\/div>\n<div style=\"background-color:;height: 50px\" class=\"nicdark_section  \"><\/div>[\/vc_column][vc_column width=&#8220;1\/3&#8243; css=&#8220;.vc_custom_1557220228286{background-image: url(https:\/\/www.casalidellacisterna.it\/wp-content\/uploads\/2019\/05\/SUPERIOR-SUITES.jpg?id=1456) !important;background-position: center !important;background-repeat: no-repeat !important;background-size: cover !important;}&#8220;]<div style=\"background-color:;height: 50px\" class=\"nicdark_section  \"><\/div> <h3 style=\"color:#ffffff;padding:px;text-align:center;font-size:22px;line-height:22px;letter-spacing: px;font-weight:normal\" class=\"   nd_options_first_font \">DAS HAUS DER G\u00c4RTNER<\/h3> <div style=\"background-color:;height: 10px\" class=\"nicdark_section  \"><\/div>\n\t<div class=\"nd_options_section nd_options_text_align_center\">\n\t<a style=\"border: 1px solid #ffffff;border-radius:0px;letter-spacing:px;line-height:15px;font-size:15px;background-color:#c19b76;padding:10px 20px;margin:10px;color:#ffffff\" rel=\"\" href=\"https:\/\/www.casalidellacisterna.it\/de\/gaertners-haus\/\" class=\"nicdark_display_inline_block  nd_options_font_weight_lighter nd_options_second_font  \">ENTDECKEN<\/a>\n\t<\/div>\n<div style=\"background-color:;height: 50px\" class=\"nicdark_section  \"><\/div>[\/vc_column][vc_column width=&#8220;1\/3&#8243; css=&#8220;.vc_custom_1557220238690{background-image: url(https:\/\/www.casalidellacisterna.it\/wp-content\/uploads\/2019\/05\/Vip-Suite-Dinghy-2.jpg?id=1430) !important;background-position: center !important;background-repeat: no-repeat !important;background-size: cover !important;}&#8220;]<div style=\"background-color:;height: 50px\" class=\"nicdark_section  \"><\/div> <h3 style=\"color:#ffffff;padding:px;text-align:center;font-size:22px;line-height:22px;letter-spacing: px;font-weight:normal\" class=\"   nd_options_first_font \">DAS HAUS DER SEEMANN<\/h3> <div style=\"background-color:;height: 10px\" class=\"nicdark_section  \"><\/div>\n\t<div class=\"nd_options_section nd_options_text_align_center\">\n\t<a style=\"border: 1px solid #ffffff;border-radius:0px;letter-spacing:px;line-height:15px;font-size:15px;background-color:#c19b76;padding:10px 20px;margin:10px;color:#ffffff\" rel=\"\" href=\"https:\/\/www.casalidellacisterna.it\/de\/seemann-haus\/\" class=\"nicdark_display_inline_block  nd_options_font_weight_lighter nd_options_second_font  \">ENTDECKEN<\/a>\n\t<\/div>\n<div style=\"background-color:;height: 50px\" class=\"nicdark_section  \"><\/div>[\/vc_column][\/vc_row]<\/p>\n<\/div>","protected":false},"excerpt":{"rendered":"<p>[vc_row full_width=&#8220;stretch_row&#8220; css=&#8220;.vc_custom_1641323049081{padding-top: 50px !important;padding-bottom: 50px !important;background: #ffffff url(https:\/\/www.casalidellacisterna.it\/wp-content\/uploads\/2022\/01\/turbida.png?id=9760) !important;background-position: center !important;background-repeat: no-repeat !important;background-size: contain !important;}&#8220;][vc_column][\/vc_column][\/vc_row][vc_row full_width=&#8220;stretch_row&#8220; content_placement=&#8220;top&#8220; css=&#8220;.vc_custom_1641317135461{background-color: #ffffff !important;background-position: center !important;background-repeat: no-repeat !important;background-size: contain !important;}&#8220;][vc_column][\/vc_column][\/vc_row][vc_row full_width=&#8220;stretch_row&#8220; equal_height=&#8220;yes&#8220; css=&#8220;.vc_custom_1637058560598{margin-top: 20px !important;background-color: #ffffff !important;}&#8220;][vc_column width=&#8220;1\/2&#8243; css=&#8220;.vc_custom_1637057857459{padding-top: 50px !important;padding-right: 40px !important;padding-bottom: 50px !important;}&#8220;][\/vc_column][vc_column width=&#8220;1\/2&#8243; css=&#8220;.vc_custom_1641313634912{padding-top: 200px !important;padding-bottom: 200px !important;background-image: url(https:\/\/www.casalidellacisterna.it\/wp-content\/uploads\/2021\/01\/storia-casali-della-cisterna.jpg?id=5823) !important;background-position: center !important;background-repeat: no-repeat !important;background-size: cover [&hellip;]<\/p>\n","protected":false},"author":2,"featured_media":0,"parent":0,"menu_order":0,"comment_status":"closed","ping_status":"closed","template":"","meta":{"footnotes":""},"class_list":["post-3238","page","type-page","status-publish","hentry"],"yoast_head":"<!-- This site is optimized with the Yoast SEO plugin v27.3 - https:\/\/yoast.com\/product\/yoast-seo-wordpress\/ -->\n<title>Belgirate Hotel - Relais Casali della Cisterna Geschichte<\/title>\n<meta name=\"description\" content=\"Von jedem Zimmer oder jeder Suite genie\u00dfen Sie den unvergleichlichen Blick auf den See und das Kloster Santa Caterina del Sasso.\" \/>\n<meta name=\"robots\" content=\"index, follow, max-snippet:-1, max-image-preview:large, max-video-preview:-1\" \/>\n<link rel=\"canonical\" href=\"https:\/\/www.casalidellacisterna.it\/de\/geschichte\/\" \/>\n<meta property=\"og:locale\" content=\"de_DE\" \/>\n<meta property=\"og:type\" content=\"article\" \/>\n<meta property=\"og:title\" content=\"Belgirate Hotel - Relais Casali della Cisterna Geschichte\" \/>\n<meta property=\"og:description\" content=\"Von jedem Zimmer oder jeder Suite genie\u00dfen Sie den unvergleichlichen Blick auf den See und das Kloster Santa Caterina del Sasso.\" \/>\n<meta property=\"og:url\" content=\"https:\/\/www.casalidellacisterna.it\/de\/geschichte\/\" \/>\n<meta property=\"og:site_name\" content=\"Relais Casali della Cisterna\" \/>\n<meta property=\"article:publisher\" content=\"casalidellacisterna\" \/>\n<meta property=\"article:modified_time\" content=\"2022-01-04T19:41:08+00:00\" \/>\n<meta property=\"og:image\" content=\"https:\/\/www.casalidellacisterna.it\/wp-content\/uploads\/2019\/05\/junior-suite-canfora-hotel-belgirate-1.jpg\" \/>\n\t<meta property=\"og:image:width\" content=\"1024\" \/>\n\t<meta property=\"og:image:height\" content=\"710\" \/>\n\t<meta property=\"og:image:type\" content=\"image\/jpeg\" \/>\n<meta name=\"twitter:card\" content=\"summary_large_image\" \/>\n<meta name=\"twitter:label1\" content=\"Gesch\u00e4tzte Lesezeit\" \/>\n\t<meta name=\"twitter:data1\" content=\"3\u00a0Minuten\" \/>\n<script type=\"application\/ld+json\" class=\"yoast-schema-graph\">{\"@context\":\"https:\\\/\\\/schema.org\",\"@graph\":[{\"@type\":\"WebPage\",\"@id\":\"https:\\\/\\\/www.casalidellacisterna.it\\\/de\\\/geschichte\\\/\",\"url\":\"https:\\\/\\\/www.casalidellacisterna.it\\\/de\\\/geschichte\\\/\",\"name\":\"Belgirate Hotel - Relais Casali della Cisterna Geschichte\",\"isPartOf\":{\"@id\":\"https:\\\/\\\/www.casalidellacisterna.it\\\/de\\\/#website\"},\"datePublished\":\"2019-05-09T09:52:26+00:00\",\"dateModified\":\"2022-01-04T19:41:08+00:00\",\"description\":\"Von jedem Zimmer oder jeder Suite genie\u00dfen Sie den unvergleichlichen Blick auf den See und das Kloster Santa Caterina del Sasso.\",\"breadcrumb\":{\"@id\":\"https:\\\/\\\/www.casalidellacisterna.it\\\/de\\\/geschichte\\\/#breadcrumb\"},\"inLanguage\":\"de\",\"potentialAction\":[{\"@type\":\"ReadAction\",\"target\":[\"https:\\\/\\\/www.casalidellacisterna.it\\\/de\\\/geschichte\\\/\"]}]},{\"@type\":\"BreadcrumbList\",\"@id\":\"https:\\\/\\\/www.casalidellacisterna.it\\\/de\\\/geschichte\\\/#breadcrumb\",\"itemListElement\":[{\"@type\":\"ListItem\",\"position\":1,\"name\":\"Home\",\"item\":\"https:\\\/\\\/www.casalidellacisterna.it\\\/de\\\/\"},{\"@type\":\"ListItem\",\"position\":2,\"name\":\"Geschichte\"}]},{\"@type\":\"WebSite\",\"@id\":\"https:\\\/\\\/www.casalidellacisterna.it\\\/de\\\/#website\",\"url\":\"https:\\\/\\\/www.casalidellacisterna.it\\\/de\\\/\",\"name\":\"Relais Casali della Cisterna\",\"description\":\"Historical Hotel Lake Maggiore\",\"publisher\":{\"@id\":\"https:\\\/\\\/www.casalidellacisterna.it\\\/de\\\/#\\\/schema\\\/person\\\/7ccfea2f538ad615acbc68bd3f482935\"},\"potentialAction\":[{\"@type\":\"SearchAction\",\"target\":{\"@type\":\"EntryPoint\",\"urlTemplate\":\"https:\\\/\\\/www.casalidellacisterna.it\\\/de\\\/?s={search_term_string}\"},\"query-input\":{\"@type\":\"PropertyValueSpecification\",\"valueRequired\":true,\"valueName\":\"search_term_string\"}}],\"inLanguage\":\"de\"},{\"@type\":[\"Person\",\"Organization\"],\"@id\":\"https:\\\/\\\/www.casalidellacisterna.it\\\/de\\\/#\\\/schema\\\/person\\\/7ccfea2f538ad615acbc68bd3f482935\",\"name\":\"albertoavveduti\",\"image\":{\"@type\":\"ImageObject\",\"inLanguage\":\"de\",\"@id\":\"https:\\\/\\\/secure.gravatar.com\\\/avatar\\\/e43059e4816e51e713f76676af589c7492e749797d74acffb42ed2ed06283c64?s=96&d=mm&r=g\",\"url\":\"https:\\\/\\\/secure.gravatar.com\\\/avatar\\\/e43059e4816e51e713f76676af589c7492e749797d74acffb42ed2ed06283c64?s=96&d=mm&r=g\",\"contentUrl\":\"https:\\\/\\\/secure.gravatar.com\\\/avatar\\\/e43059e4816e51e713f76676af589c7492e749797d74acffb42ed2ed06283c64?s=96&d=mm&r=g\",\"caption\":\"albertoavveduti\"},\"logo\":{\"@id\":\"https:\\\/\\\/secure.gravatar.com\\\/avatar\\\/e43059e4816e51e713f76676af589c7492e749797d74acffb42ed2ed06283c64?s=96&d=mm&r=g\"},\"sameAs\":[\"casalidellacisterna\",\"casalicisterna\"]}]}<\/script>\n<!-- \/ Yoast SEO plugin. -->","yoast_head_json":{"title":"Belgirate Hotel - Relais Casali della Cisterna Geschichte","description":"Von jedem Zimmer oder jeder Suite genie\u00dfen Sie den unvergleichlichen Blick auf den See und das Kloster Santa Caterina del Sasso.","robots":{"index":"index","follow":"follow","max-snippet":"max-snippet:-1","max-image-preview":"max-image-preview:large","max-video-preview":"max-video-preview:-1"},"canonical":"https:\/\/www.casalidellacisterna.it\/de\/geschichte\/","og_locale":"de_DE","og_type":"article","og_title":"Belgirate Hotel - Relais Casali della Cisterna Geschichte","og_description":"Von jedem Zimmer oder jeder Suite genie\u00dfen Sie den unvergleichlichen Blick auf den See und das Kloster Santa Caterina del Sasso.","og_url":"https:\/\/www.casalidellacisterna.it\/de\/geschichte\/","og_site_name":"Relais Casali della Cisterna","article_publisher":"casalidellacisterna","article_modified_time":"2022-01-04T19:41:08+00:00","og_image":[{"width":1024,"height":710,"url":"https:\/\/www.casalidellacisterna.it\/wp-content\/uploads\/2019\/05\/junior-suite-canfora-hotel-belgirate-1.jpg","type":"image\/jpeg"}],"twitter_card":"summary_large_image","twitter_misc":{"Gesch\u00e4tzte Lesezeit":"3\u00a0Minuten"},"schema":{"@context":"https:\/\/schema.org","@graph":[{"@type":"WebPage","@id":"https:\/\/www.casalidellacisterna.it\/de\/geschichte\/","url":"https:\/\/www.casalidellacisterna.it\/de\/geschichte\/","name":"Belgirate Hotel - Relais Casali della Cisterna Geschichte","isPartOf":{"@id":"https:\/\/www.casalidellacisterna.it\/de\/#website"},"datePublished":"2019-05-09T09:52:26+00:00","dateModified":"2022-01-04T19:41:08+00:00","description":"Von jedem Zimmer oder jeder Suite genie\u00dfen Sie den unvergleichlichen Blick auf den See und das Kloster Santa Caterina del Sasso.","breadcrumb":{"@id":"https:\/\/www.casalidellacisterna.it\/de\/geschichte\/#breadcrumb"},"inLanguage":"de","potentialAction":[{"@type":"ReadAction","target":["https:\/\/www.casalidellacisterna.it\/de\/geschichte\/"]}]},{"@type":"BreadcrumbList","@id":"https:\/\/www.casalidellacisterna.it\/de\/geschichte\/#breadcrumb","itemListElement":[{"@type":"ListItem","position":1,"name":"Home","item":"https:\/\/www.casalidellacisterna.it\/de\/"},{"@type":"ListItem","position":2,"name":"Geschichte"}]},{"@type":"WebSite","@id":"https:\/\/www.casalidellacisterna.it\/de\/#website","url":"https:\/\/www.casalidellacisterna.it\/de\/","name":"Relais Casali della Cisterna","description":"Historical Hotel Lake Maggiore","publisher":{"@id":"https:\/\/www.casalidellacisterna.it\/de\/#\/schema\/person\/7ccfea2f538ad615acbc68bd3f482935"},"potentialAction":[{"@type":"SearchAction","target":{"@type":"EntryPoint","urlTemplate":"https:\/\/www.casalidellacisterna.it\/de\/?s={search_term_string}"},"query-input":{"@type":"PropertyValueSpecification","valueRequired":true,"valueName":"search_term_string"}}],"inLanguage":"de"},{"@type":["Person","Organization"],"@id":"https:\/\/www.casalidellacisterna.it\/de\/#\/schema\/person\/7ccfea2f538ad615acbc68bd3f482935","name":"albertoavveduti","image":{"@type":"ImageObject","inLanguage":"de","@id":"https:\/\/secure.gravatar.com\/avatar\/e43059e4816e51e713f76676af589c7492e749797d74acffb42ed2ed06283c64?s=96&d=mm&r=g","url":"https:\/\/secure.gravatar.com\/avatar\/e43059e4816e51e713f76676af589c7492e749797d74acffb42ed2ed06283c64?s=96&d=mm&r=g","contentUrl":"https:\/\/secure.gravatar.com\/avatar\/e43059e4816e51e713f76676af589c7492e749797d74acffb42ed2ed06283c64?s=96&d=mm&r=g","caption":"albertoavveduti"},"logo":{"@id":"https:\/\/secure.gravatar.com\/avatar\/e43059e4816e51e713f76676af589c7492e749797d74acffb42ed2ed06283c64?s=96&d=mm&r=g"},"sameAs":["casalidellacisterna","casalicisterna"]}]}},"_links":{"self":[{"href":"https:\/\/www.casalidellacisterna.it\/de\/wp-json\/wp\/v2\/pages\/3238","targetHints":{"allow":["GET"]}}],"collection":[{"href":"https:\/\/www.casalidellacisterna.it\/de\/wp-json\/wp\/v2\/pages"}],"about":[{"href":"https:\/\/www.casalidellacisterna.it\/de\/wp-json\/wp\/v2\/types\/page"}],"author":[{"embeddable":true,"href":"https:\/\/www.casalidellacisterna.it\/de\/wp-json\/wp\/v2\/users\/2"}],"replies":[{"embeddable":true,"href":"https:\/\/www.casalidellacisterna.it\/de\/wp-json\/wp\/v2\/comments?post=3238"}],"version-history":[{"count":5,"href":"https:\/\/www.casalidellacisterna.it\/de\/wp-json\/wp\/v2\/pages\/3238\/revisions"}],"predecessor-version":[{"id":9750,"href":"https:\/\/www.casalidellacisterna.it\/de\/wp-json\/wp\/v2\/pages\/3238\/revisions\/9750"}],"wp:attachment":[{"href":"https:\/\/www.casalidellacisterna.it\/de\/wp-json\/wp\/v2\/media?parent=3238"}],"curies":[{"name":"wp","href":"https:\/\/api.w.org\/{rel}","templated":true}]}}