{"id":11154,"date":"2024-10-25T14:33:01","date_gmt":"2024-10-25T12:33:01","guid":{"rendered":"https:\/\/www.casalidellacisterna.it\/?page_id=11154"},"modified":"2024-10-25T14:54:04","modified_gmt":"2024-10-25T12:54:04","slug":"meeting-room","status":"publish","type":"page","link":"https:\/\/www.casalidellacisterna.it\/de\/meeting-room\/","title":{"rendered":"Meeting Room"},"content":{"rendered":"<div class=\"wpb-content-wrapper\"><p>[vc_row full_width=&#8220;stretch_row_content&#8220;][vc_column offset=&#8220;vc_hidden-sm vc_hidden-xs&#8220;]\n    <div style=\"text-align:center\" class=\"nd_options_section\">\n      <img decoding=\"async\" alt=\"\" style=\"width:100%\" class=\" nd_options_margin_0 nd_options_padding_0 \" src=\"https:\/\/www.casalidellacisterna.it\/wp-content\/uploads\/2024\/10\/Meeting-Room-head-1024x172.jpg\">\n    <\/div>\n   [\/vc_column][\/vc_row][vc_row full_width=&#8220;stretch_row_content&#8220; equal_height=&#8220;yes&#8220; css=&#8220;.vc_custom_1729852598198{margin-top: 25px !important;}&#8220;][vc_column width=&#8220;2\/3&#8243;]\n    <div style=\"text-align:center\" class=\"nd_options_section\">\n      <img decoding=\"async\" alt=\"\" style=\"width:100%\" class=\" nd_options_margin_0 nd_options_padding_0 \" src=\"https:\/\/www.casalidellacisterna.it\/wp-content\/uploads\/2024\/10\/sala-riunioni-immagine-1024x680.jpg\">\n    <\/div>\n   [\/vc_column][vc_column width=&#8220;1\/3&#8243;]<div style=\"background-color:;height: 20px\" class=\"nicdark_section  \"><\/div> <h2 style=\"color:#000000;padding:px;text-align:center;font-size:35px;line-height:35px;letter-spacing: px;font-weight:normal\" class=\"   nd_options_first_font \">MEETING ROOM<\/h2> <div style=\"background-color:;height: 20px\" class=\"nicdark_section  \"><\/div> <p style=\"color:#000000;padding:40px;text-align:;font-size:16px;line-height:px;letter-spacing: px;font-weight:normal\" class=\"   nd_options_first_font \">Das Hotel verf\u00fcgt \u00fcber einen kleinen, privaten Tagungsraum f\u00fcr bis zu 20 Personen, ausgestattet mit einem 55-Zoll-Smart-TV, Whiteboards und allem, was Sie f\u00fcr Ihr Gesch\u00e4ftstreffen ben\u00f6tigen.<\/p> <div style=\"background-color:;height: 5px\" class=\"nicdark_section  \"><\/div> <p style=\"color:#000000;padding:40px;text-align:;font-size:16px;line-height:px;letter-spacing: px;font-weight:normal\" class=\"   nd_options_first_font \">Der elegante und raffinierte Raum mit Seeblick vom gro\u00dfen zentralen Bullauge bietet eine entspannende und raffinierte Umgebung f\u00fcr jede Art von Tagung.<\/p> <div style=\"background-color:;height: 5px\" class=\"nicdark_section  \"><\/div> <p style=\"color:#000000;padding:40px;text-align:;font-size:16px;line-height:px;letter-spacing: px;font-weight:normal\" class=\"   nd_options_first_font \">Es besteht auch die M\u00f6glichkeit, im Relais Kochkurse oder andere Teambuilding-Aktivit\u00e4ten zu organisieren.<\/p> <div style=\"background-color:;height: 20px\" class=\"nicdark_section  \"><\/div>\n\t<div class=\"nd_options_section nd_options_text_align_center\">\n\t<a style=\"border: px solid #ffffff;border-radius:0px;letter-spacing:px;line-height:15px;font-size:15px;background-color:#c19b76;padding:10px 20px;margin:10px;color:#ffffff\" rel=\"\" href=\"mailto:info@casalidellacisterna.it\" class=\"nicdark_display_inline_block  nd_options_font_weight_lighter nd_options_second_font  \">WEITERE INFORMATIONEN ANFRAGEN<\/a>\n\t<\/div>\n<div style=\"background-color:;height: 20px\" class=\"nicdark_section  \"><\/div>[vc_media_grid gap=&#8220;10&#8243; css=&#8220;&#8220; grid_id=&#8220;vc_gid:1729859908210-5e9ab803-bae7-3&#8243; include=&#8220;11085,11094,11090&#8243;][\/vc_column][\/vc_row][vc_row full_width=&#8220;stretch_row&#8220; equal_height=&#8220;yes&#8220; css=&#8220;.vc_custom_1637051452010{border-top-width: 40px !important;border-bottom-width: 40px !important;padding-top: 70px !important;padding-bottom: 70px !important;background-color: #b5b5b5 !important;}&#8220;][vc_column width=&#8220;1\/3&#8243; css=&#8220;.vc_custom_1557220216307{background-image: url(https:\/\/www.casalidellacisterna.it\/wp-content\/uploads\/2019\/05\/PARK-AND-LAKE.jpg?id=1472) !important;background-position: center !important;background-repeat: no-repeat !important;background-size: cover !important;}&#8220;]<div style=\"background-color:;height: 50px\" class=\"nicdark_section  \"><\/div> <h3 style=\"color:#ffffff;padding:px;text-align:center;font-size:22px;line-height:22px;letter-spacing: px;font-weight:normal\" class=\"   nd_options_first_font \">UNSERE SONDERANGEBOTE<\/h3> <div style=\"background-color:;height: 10px\" class=\"nicdark_section  \"><\/div>\n\t<div class=\"nd_options_section nd_options_text_align_center\">\n\t<a style=\"border: 1px solid #ffffff;border-radius:0px;letter-spacing:px;line-height:15px;font-size:15px;background-color:#c19b76;padding:10px 20px;margin:10px;color:#ffffff\" rel=\"\" href=\"https:\/\/www.casalidellacisterna.it\/de\/sonderangebote\/\" class=\"nicdark_display_inline_block  nd_options_font_weight_lighter nd_options_second_font  \">ENTDECKEN<\/a>\n\t<\/div>\n<div style=\"background-color:;height: 50px\" class=\"nicdark_section  \"><\/div>[\/vc_column][vc_column width=&#8220;1\/3&#8243; css=&#8220;.vc_custom_1712509403714{background-image: url(https:\/\/www.casalidellacisterna.it\/wp-content\/uploads\/2023\/05\/piscina-web-casali-della-cisterna.jpg?id=10554) !important;background-position: center !important;background-repeat: no-repeat !important;background-size: cover !important;}&#8220;]<div style=\"background-color:;height: 50px\" class=\"nicdark_section  \"><\/div> <h3 style=\"color:#ffffff;padding:px;text-align:center;font-size:22px;line-height:22px;letter-spacing: px;font-weight:normal\" class=\"   nd_options_first_font \">DIENSTLEISTUNGEN<\/h3> <div style=\"background-color:;height: 10px\" class=\"nicdark_section  \"><\/div>\n\t<div class=\"nd_options_section nd_options_text_align_center\">\n\t<a style=\"border: 1px solid #ffffff;border-radius:0px;letter-spacing:px;line-height:15px;font-size:15px;background-color:#c19b76;padding:10px 20px;margin:10px;color:#ffffff\" rel=\"\" href=\"https:\/\/www.casalidellacisterna.it\/de\/service\/\" class=\"nicdark_display_inline_block  nd_options_font_weight_lighter nd_options_second_font  \">ENTDECKEN<\/a>\n\t<\/div>\n<div style=\"background-color:;height: 50px\" class=\"nicdark_section  \"><\/div>[\/vc_column][vc_column width=&#8220;1\/3&#8243; css=&#8220;.vc_custom_1637049676129{background-image: url(https:\/\/www.casalidellacisterna.it\/wp-content\/uploads\/2019\/05\/bistrot-casali-della-cisterna.jpg?id=3022) !important;background-position: center !important;background-repeat: no-repeat !important;background-size: cover !important;}&#8220;]<div style=\"background-color:;height: 50px\" class=\"nicdark_section  \"><\/div> <h3 style=\"color:#ffffff;padding:px;text-align:center;font-size:22px;line-height:22px;letter-spacing: px;font-weight:normal\" class=\"   nd_options_first_font \">\u00dcBER UNS<\/h3> <div style=\"background-color:;height: 10px\" class=\"nicdark_section  \"><\/div>\n\t<div class=\"nd_options_section nd_options_text_align_center\">\n\t<a style=\"border: 1px solid #ffffff;border-radius:0px;letter-spacing:px;line-height:15px;font-size:15px;background-color:#c19b76;padding:10px 20px;margin:10px;color:#ffffff\" rel=\"\" href=\"https:\/\/www.casalidellacisterna.it\/de\/ueber-uns\/\" class=\"nicdark_display_inline_block  nd_options_font_weight_lighter nd_options_second_font  \">ENTDECKEN<\/a>\n\t<\/div>\n<div style=\"background-color:;height: 50px\" class=\"nicdark_section  \"><\/div>[\/vc_column][\/vc_row]<\/p>\n<\/div>","protected":false},"excerpt":{"rendered":"<p>[vc_row full_width=&#8220;stretch_row_content&#8220;][vc_column offset=&#8220;vc_hidden-sm vc_hidden-xs&#8220;][\/vc_column][\/vc_row][vc_row full_width=&#8220;stretch_row_content&#8220; equal_height=&#8220;yes&#8220; css=&#8220;.vc_custom_1729852598198{margin-top: 25px !important;}&#8220;][vc_column width=&#8220;2\/3&#8243;][\/vc_column][vc_column width=&#8220;1\/3&#8243;][vc_media_grid gap=&#8220;10&#8243; css=&#8220;&#8220; grid_id=&#8220;vc_gid:1729859908210-5e9ab803-bae7-3&#8243; include=&#8220;11085,11094,11090&#8243;][\/vc_column][\/vc_row][vc_row full_width=&#8220;stretch_row&#8220; equal_height=&#8220;yes&#8220; css=&#8220;.vc_custom_1637051452010{border-top-width: 40px !important;border-bottom-width: 40px !important;padding-top: 70px !important;padding-bottom: 70px !important;background-color: #b5b5b5 !important;}&#8220;][vc_column width=&#8220;1\/3&#8243; css=&#8220;.vc_custom_1557220216307{background-image: url(https:\/\/www.casalidellacisterna.it\/wp-content\/uploads\/2019\/05\/PARK-AND-LAKE.jpg?id=1472) !important;background-position: center !important;background-repeat: no-repeat !important;background-size: cover !important;}&#8220;][\/vc_column][vc_column width=&#8220;1\/3&#8243; css=&#8220;.vc_custom_1712509403714{background-image: url(https:\/\/www.casalidellacisterna.it\/wp-content\/uploads\/2023\/05\/piscina-web-casali-della-cisterna.jpg?id=10554) !important;background-position: center !important;background-repeat: no-repeat !important;background-size: cover !important;}&#8220;][\/vc_column][vc_column width=&#8220;1\/3&#8243; css=&#8220;.vc_custom_1637049676129{background-image: url(https:\/\/www.casalidellacisterna.it\/wp-content\/uploads\/2019\/05\/bistrot-casali-della-cisterna.jpg?id=3022) !important;background-position: center !important;background-repeat: no-repeat [&hellip;]<\/p>\n","protected":false},"author":2,"featured_media":11088,"parent":0,"menu_order":0,"comment_status":"closed","ping_status":"closed","template":"","meta":{"footnotes":""},"class_list":["post-11154","page","type-page","status-publish","has-post-thumbnail","hentry"],"yoast_head":"<!-- This site is optimized with the Yoast SEO plugin v27.4 - https:\/\/yoast.com\/product\/yoast-seo-wordpress\/ -->\n<title>Meeting Room - Relais Casali della Cisterna<\/title>\n<meta name=\"description\" content=\"Das Hotel verf\u00fcgt \u00fcber einen kleinen, privaten Tagungsraum f\u00fcr bis zu 20 Personen, ausgestattet mit einem 55-Zoll-Smart-TV, Whiteboards und allem, was Sie f\u00fcr Ihr Gesch\u00e4ftstreffen ben\u00f6tigen.\" \/>\n<meta name=\"robots\" content=\"index, follow, max-snippet:-1, max-image-preview:large, max-video-preview:-1\" \/>\n<link rel=\"canonical\" href=\"https:\/\/www.casalidellacisterna.it\/de\/meeting-room\/\" \/>\n<meta property=\"og:locale\" content=\"de_DE\" \/>\n<meta property=\"og:type\" content=\"article\" \/>\n<meta property=\"og:title\" content=\"Meeting Room - Relais Casali della Cisterna\" \/>\n<meta property=\"og:description\" content=\"Das Hotel verf\u00fcgt \u00fcber einen kleinen, privaten Tagungsraum f\u00fcr bis zu 20 Personen, ausgestattet mit einem 55-Zoll-Smart-TV, Whiteboards und allem, was Sie f\u00fcr Ihr Gesch\u00e4ftstreffen ben\u00f6tigen.\" \/>\n<meta property=\"og:url\" content=\"https:\/\/www.casalidellacisterna.it\/de\/meeting-room\/\" \/>\n<meta property=\"og:site_name\" content=\"Relais Casali della Cisterna\" \/>\n<meta property=\"article:publisher\" content=\"casalidellacisterna\" \/>\n<meta property=\"article:modified_time\" content=\"2024-10-25T12:54:04+00:00\" \/>\n<meta property=\"og:image\" content=\"https:\/\/www.casalidellacisterna.it\/wp-content\/uploads\/2024\/10\/sala-riunioni-rid.jpg\" \/>\n\t<meta property=\"og:image:width\" content=\"1500\" \/>\n\t<meta property=\"og:image:height\" content=\"1125\" \/>\n\t<meta property=\"og:image:type\" content=\"image\/jpeg\" \/>\n<meta name=\"twitter:card\" content=\"summary_large_image\" \/>\n<meta name=\"twitter:label1\" content=\"Gesch\u00e4tzte Lesezeit\" \/>\n\t<meta name=\"twitter:data1\" content=\"2\u00a0Minuten\" \/>\n<script type=\"application\/ld+json\" class=\"yoast-schema-graph\">{\"@context\":\"https:\\\/\\\/schema.org\",\"@graph\":[{\"@type\":\"WebPage\",\"@id\":\"https:\\\/\\\/www.casalidellacisterna.it\\\/de\\\/meeting-room\\\/\",\"url\":\"https:\\\/\\\/www.casalidellacisterna.it\\\/de\\\/meeting-room\\\/\",\"name\":\"Meeting Room - Relais Casali della Cisterna\",\"isPartOf\":{\"@id\":\"https:\\\/\\\/www.casalidellacisterna.it\\\/de\\\/#website\"},\"primaryImageOfPage\":{\"@id\":\"https:\\\/\\\/www.casalidellacisterna.it\\\/de\\\/meeting-room\\\/#primaryimage\"},\"image\":{\"@id\":\"https:\\\/\\\/www.casalidellacisterna.it\\\/de\\\/meeting-room\\\/#primaryimage\"},\"thumbnailUrl\":\"https:\\\/\\\/www.casalidellacisterna.it\\\/wp-content\\\/uploads\\\/2024\\\/10\\\/sala-riunioni-rid.jpg\",\"datePublished\":\"2024-10-25T12:33:01+00:00\",\"dateModified\":\"2024-10-25T12:54:04+00:00\",\"description\":\"Das Hotel verf\u00fcgt \u00fcber einen kleinen, privaten Tagungsraum f\u00fcr bis zu 20 Personen, ausgestattet mit einem 55-Zoll-Smart-TV, Whiteboards und allem, was Sie f\u00fcr Ihr Gesch\u00e4ftstreffen ben\u00f6tigen.\",\"breadcrumb\":{\"@id\":\"https:\\\/\\\/www.casalidellacisterna.it\\\/de\\\/meeting-room\\\/#breadcrumb\"},\"inLanguage\":\"de\",\"potentialAction\":[{\"@type\":\"ReadAction\",\"target\":[\"https:\\\/\\\/www.casalidellacisterna.it\\\/de\\\/meeting-room\\\/\"]}]},{\"@type\":\"ImageObject\",\"inLanguage\":\"de\",\"@id\":\"https:\\\/\\\/www.casalidellacisterna.it\\\/de\\\/meeting-room\\\/#primaryimage\",\"url\":\"https:\\\/\\\/www.casalidellacisterna.it\\\/wp-content\\\/uploads\\\/2024\\\/10\\\/sala-riunioni-rid.jpg\",\"contentUrl\":\"https:\\\/\\\/www.casalidellacisterna.it\\\/wp-content\\\/uploads\\\/2024\\\/10\\\/sala-riunioni-rid.jpg\",\"width\":1500,\"height\":1125},{\"@type\":\"BreadcrumbList\",\"@id\":\"https:\\\/\\\/www.casalidellacisterna.it\\\/de\\\/meeting-room\\\/#breadcrumb\",\"itemListElement\":[{\"@type\":\"ListItem\",\"position\":1,\"name\":\"Home\",\"item\":\"https:\\\/\\\/www.casalidellacisterna.it\\\/de\\\/\"},{\"@type\":\"ListItem\",\"position\":2,\"name\":\"Meeting Room\"}]},{\"@type\":\"WebSite\",\"@id\":\"https:\\\/\\\/www.casalidellacisterna.it\\\/de\\\/#website\",\"url\":\"https:\\\/\\\/www.casalidellacisterna.it\\\/de\\\/\",\"name\":\"Relais Casali della Cisterna\",\"description\":\"Historical Hotel Lake Maggiore\",\"publisher\":{\"@id\":\"https:\\\/\\\/www.casalidellacisterna.it\\\/de\\\/#\\\/schema\\\/person\\\/7ccfea2f538ad615acbc68bd3f482935\"},\"potentialAction\":[{\"@type\":\"SearchAction\",\"target\":{\"@type\":\"EntryPoint\",\"urlTemplate\":\"https:\\\/\\\/www.casalidellacisterna.it\\\/de\\\/?s={search_term_string}\"},\"query-input\":{\"@type\":\"PropertyValueSpecification\",\"valueRequired\":true,\"valueName\":\"search_term_string\"}}],\"inLanguage\":\"de\"},{\"@type\":[\"Person\",\"Organization\"],\"@id\":\"https:\\\/\\\/www.casalidellacisterna.it\\\/de\\\/#\\\/schema\\\/person\\\/7ccfea2f538ad615acbc68bd3f482935\",\"name\":\"albertoavveduti\",\"image\":{\"@type\":\"ImageObject\",\"inLanguage\":\"de\",\"@id\":\"https:\\\/\\\/secure.gravatar.com\\\/avatar\\\/e43059e4816e51e713f76676af589c7492e749797d74acffb42ed2ed06283c64?s=96&d=mm&r=g\",\"url\":\"https:\\\/\\\/secure.gravatar.com\\\/avatar\\\/e43059e4816e51e713f76676af589c7492e749797d74acffb42ed2ed06283c64?s=96&d=mm&r=g\",\"contentUrl\":\"https:\\\/\\\/secure.gravatar.com\\\/avatar\\\/e43059e4816e51e713f76676af589c7492e749797d74acffb42ed2ed06283c64?s=96&d=mm&r=g\",\"caption\":\"albertoavveduti\"},\"logo\":{\"@id\":\"https:\\\/\\\/secure.gravatar.com\\\/avatar\\\/e43059e4816e51e713f76676af589c7492e749797d74acffb42ed2ed06283c64?s=96&d=mm&r=g\"},\"sameAs\":[\"casalidellacisterna\",\"casalicisterna\"]}]}<\/script>\n<!-- \/ Yoast SEO plugin. -->","yoast_head_json":{"title":"Meeting Room - Relais Casali della Cisterna","description":"Das Hotel verf\u00fcgt \u00fcber einen kleinen, privaten Tagungsraum f\u00fcr bis zu 20 Personen, ausgestattet mit einem 55-Zoll-Smart-TV, Whiteboards und allem, was Sie f\u00fcr Ihr Gesch\u00e4ftstreffen ben\u00f6tigen.","robots":{"index":"index","follow":"follow","max-snippet":"max-snippet:-1","max-image-preview":"max-image-preview:large","max-video-preview":"max-video-preview:-1"},"canonical":"https:\/\/www.casalidellacisterna.it\/de\/meeting-room\/","og_locale":"de_DE","og_type":"article","og_title":"Meeting Room - Relais Casali della Cisterna","og_description":"Das Hotel verf\u00fcgt \u00fcber einen kleinen, privaten Tagungsraum f\u00fcr bis zu 20 Personen, ausgestattet mit einem 55-Zoll-Smart-TV, Whiteboards und allem, was Sie f\u00fcr Ihr Gesch\u00e4ftstreffen ben\u00f6tigen.","og_url":"https:\/\/www.casalidellacisterna.it\/de\/meeting-room\/","og_site_name":"Relais Casali della Cisterna","article_publisher":"casalidellacisterna","article_modified_time":"2024-10-25T12:54:04+00:00","og_image":[{"width":1500,"height":1125,"url":"https:\/\/www.casalidellacisterna.it\/wp-content\/uploads\/2024\/10\/sala-riunioni-rid.jpg","type":"image\/jpeg"}],"twitter_card":"summary_large_image","twitter_misc":{"Gesch\u00e4tzte Lesezeit":"2\u00a0Minuten"},"schema":{"@context":"https:\/\/schema.org","@graph":[{"@type":"WebPage","@id":"https:\/\/www.casalidellacisterna.it\/de\/meeting-room\/","url":"https:\/\/www.casalidellacisterna.it\/de\/meeting-room\/","name":"Meeting Room - Relais Casali della Cisterna","isPartOf":{"@id":"https:\/\/www.casalidellacisterna.it\/de\/#website"},"primaryImageOfPage":{"@id":"https:\/\/www.casalidellacisterna.it\/de\/meeting-room\/#primaryimage"},"image":{"@id":"https:\/\/www.casalidellacisterna.it\/de\/meeting-room\/#primaryimage"},"thumbnailUrl":"https:\/\/www.casalidellacisterna.it\/wp-content\/uploads\/2024\/10\/sala-riunioni-rid.jpg","datePublished":"2024-10-25T12:33:01+00:00","dateModified":"2024-10-25T12:54:04+00:00","description":"Das Hotel verf\u00fcgt \u00fcber einen kleinen, privaten Tagungsraum f\u00fcr bis zu 20 Personen, ausgestattet mit einem 55-Zoll-Smart-TV, Whiteboards und allem, was Sie f\u00fcr Ihr Gesch\u00e4ftstreffen ben\u00f6tigen.","breadcrumb":{"@id":"https:\/\/www.casalidellacisterna.it\/de\/meeting-room\/#breadcrumb"},"inLanguage":"de","potentialAction":[{"@type":"ReadAction","target":["https:\/\/www.casalidellacisterna.it\/de\/meeting-room\/"]}]},{"@type":"ImageObject","inLanguage":"de","@id":"https:\/\/www.casalidellacisterna.it\/de\/meeting-room\/#primaryimage","url":"https:\/\/www.casalidellacisterna.it\/wp-content\/uploads\/2024\/10\/sala-riunioni-rid.jpg","contentUrl":"https:\/\/www.casalidellacisterna.it\/wp-content\/uploads\/2024\/10\/sala-riunioni-rid.jpg","width":1500,"height":1125},{"@type":"BreadcrumbList","@id":"https:\/\/www.casalidellacisterna.it\/de\/meeting-room\/#breadcrumb","itemListElement":[{"@type":"ListItem","position":1,"name":"Home","item":"https:\/\/www.casalidellacisterna.it\/de\/"},{"@type":"ListItem","position":2,"name":"Meeting Room"}]},{"@type":"WebSite","@id":"https:\/\/www.casalidellacisterna.it\/de\/#website","url":"https:\/\/www.casalidellacisterna.it\/de\/","name":"Relais Casali della Cisterna","description":"Historical Hotel Lake Maggiore","publisher":{"@id":"https:\/\/www.casalidellacisterna.it\/de\/#\/schema\/person\/7ccfea2f538ad615acbc68bd3f482935"},"potentialAction":[{"@type":"SearchAction","target":{"@type":"EntryPoint","urlTemplate":"https:\/\/www.casalidellacisterna.it\/de\/?s={search_term_string}"},"query-input":{"@type":"PropertyValueSpecification","valueRequired":true,"valueName":"search_term_string"}}],"inLanguage":"de"},{"@type":["Person","Organization"],"@id":"https:\/\/www.casalidellacisterna.it\/de\/#\/schema\/person\/7ccfea2f538ad615acbc68bd3f482935","name":"albertoavveduti","image":{"@type":"ImageObject","inLanguage":"de","@id":"https:\/\/secure.gravatar.com\/avatar\/e43059e4816e51e713f76676af589c7492e749797d74acffb42ed2ed06283c64?s=96&d=mm&r=g","url":"https:\/\/secure.gravatar.com\/avatar\/e43059e4816e51e713f76676af589c7492e749797d74acffb42ed2ed06283c64?s=96&d=mm&r=g","contentUrl":"https:\/\/secure.gravatar.com\/avatar\/e43059e4816e51e713f76676af589c7492e749797d74acffb42ed2ed06283c64?s=96&d=mm&r=g","caption":"albertoavveduti"},"logo":{"@id":"https:\/\/secure.gravatar.com\/avatar\/e43059e4816e51e713f76676af589c7492e749797d74acffb42ed2ed06283c64?s=96&d=mm&r=g"},"sameAs":["casalidellacisterna","casalicisterna"]}]}},"_links":{"self":[{"href":"https:\/\/www.casalidellacisterna.it\/de\/wp-json\/wp\/v2\/pages\/11154","targetHints":{"allow":["GET"]}}],"collection":[{"href":"https:\/\/www.casalidellacisterna.it\/de\/wp-json\/wp\/v2\/pages"}],"about":[{"href":"https:\/\/www.casalidellacisterna.it\/de\/wp-json\/wp\/v2\/types\/page"}],"author":[{"embeddable":true,"href":"https:\/\/www.casalidellacisterna.it\/de\/wp-json\/wp\/v2\/users\/2"}],"replies":[{"embeddable":true,"href":"https:\/\/www.casalidellacisterna.it\/de\/wp-json\/wp\/v2\/comments?post=11154"}],"version-history":[{"count":5,"href":"https:\/\/www.casalidellacisterna.it\/de\/wp-json\/wp\/v2\/pages\/11154\/revisions"}],"predecessor-version":[{"id":11162,"href":"https:\/\/www.casalidellacisterna.it\/de\/wp-json\/wp\/v2\/pages\/11154\/revisions\/11162"}],"wp:featuredmedia":[{"embeddable":true,"href":"https:\/\/www.casalidellacisterna.it\/de\/wp-json\/wp\/v2\/media\/11088"}],"wp:attachment":[{"href":"https:\/\/www.casalidellacisterna.it\/de\/wp-json\/wp\/v2\/media?parent=11154"}],"curies":[{"name":"wp","href":"https:\/\/api.w.org\/{rel}","templated":true}]}}